{"id":1638,"date":"2023-04-17T10:30:08","date_gmt":"2023-04-17T10:30:08","guid":{"rendered":"https:\/\/rentalmet.pl\/?post_type=product&#038;p=1638"},"modified":"2023-04-17T10:30:32","modified_gmt":"2023-04-17T10:30:32","slug":"aerator-wertykulator-2-w-1-spalinowy-nac-loncin-40-cm","status":"publish","type":"product","link":"https:\/\/rentalmet.pl\/index.php\/produkt\/aerator-wertykulator-2-w-1-spalinowy-nac-loncin-40-cm\/","title":{"rendered":"Aerator wertykulator 2 w 1 spalinowy NAC Loncin 40 cm"},"content":{"rendered":"<ul class=\"product-main-data__benefits product-benefits\">\n<li class=\"product-benefits__item\">wzmocnione no\u017ce (18 no\u017cy, 24 spr\u0119\u017cyny)<\/li>\n<li class=\"product-benefits__item\">kosz 45 l<\/li>\n<li class=\"product-benefits__item\">centralna 6-stopniowa regulacja g\u0142\u0119boko\u015bci roboczej 5-15 mm<\/li>\n<\/ul>\n","protected":false},"excerpt":{"rendered":"<div class=\"product-main-data__description\">Chcesz zadba\u0107 o wygl\u0105d trawnika przed domem i szukasz odpowiednich urz\u0105dze\u0144? Mo\u017ce Ci si\u0119 przyda\u0107 aerator wertykulator 2 w 1 spalinowy NAC Loncin. Urz\u0105dzenie umo\u017cliwia przeprowadzenie kompleksowych prac polegaj\u0105cych na spulchnianiu pod\u0142o\u017ca trawnika. Mo\u017cesz przeprowadza\u0107 nim prace na trawniku przed domem lub w ogr\u00f3dkach dzia\u0142kowych.<\/div>\n","protected":false},"featured_media":1639,"template":"","meta":[],"product_cat":[41,40],"product_tag":[],"_links":{"self":[{"href":"https:\/\/rentalmet.pl\/index.php\/wp-json\/wp\/v2\/product\/1638"}],"collection":[{"href":"https:\/\/rentalmet.pl\/index.php\/wp-json\/wp\/v2\/product"}],"about":[{"href":"https:\/\/rentalmet.pl\/index.php\/wp-json\/wp\/v2\/types\/product"}],"wp:featuredmedia":[{"embeddable":true,"href":"https:\/\/rentalmet.pl\/index.php\/wp-json\/wp\/v2\/media\/1639"}],"wp:attachment":[{"href":"https:\/\/rentalmet.pl\/index.php\/wp-json\/wp\/v2\/media?parent=1638"}],"wp:term":[{"taxonomy":"product_cat","embeddable":true,"href":"https:\/\/rentalmet.pl\/index.php\/wp-json\/wp\/v2\/product_cat?post=1638"},{"taxonomy":"product_tag","embeddable":true,"href":"https:\/\/rentalmet.pl\/index.php\/wp-json\/wp\/v2\/product_tag?post=1638"}],"curies":[{"name":"wp","href":"https:\/\/api.w.org\/{rel}","templated":true}]}}