{"id":1634,"date":"2023-04-17T10:23:33","date_gmt":"2023-04-17T10:23:33","guid":{"rendered":"https:\/\/rentalmet.pl\/?post_type=product&#038;p=1634"},"modified":"2023-04-17T10:24:36","modified_gmt":"2023-04-17T10:24:36","slug":"wykaszarka-spalinowa-husqvarna-553rs","status":"publish","type":"product","link":"https:\/\/rentalmet.pl\/index.php\/produkt\/wykaszarka-spalinowa-husqvarna-553rs\/","title":{"rendered":"Wykaszarka spalinowa HUSQVARNA 553RS"},"content":{"rendered":"<ul>\n<li>Pojemno\u015b\u0107 cylindra 50,6 cm\u00b3<\/li>\n<li>Moc wyj\u015bciowa 2,3 kW<\/li>\n<li>Pojemno\u015b\u0107 zbiornika paliwa 0,8 l<\/li>\n<li>Zu\u017cycie paliwa 476 g\/kWh<\/li>\n<li>Pr\u0119dko\u015b\u0107 przy maks. mocy 9 500 obr.\/min<\/li>\n<li>Pr\u0119dko\u015b\u0107 biegu ja\u0142owego 2 800 obr.\/min<\/li>\n<li>Przerwa mi\u0119dzy elektrodami 0,6 mm<\/li>\n<li>Moment obrotowy, maks. 2,8 Nm<\/li>\n<li>Moment obrotowy, maks. at rpm 6 500 obr.\/min<\/li>\n<li>\u015awieca zap\u0142onowa NGK CMR7H<\/li>\n<\/ul>\n<p><strong>Sprz\u0119t<\/strong><\/p>\n<ul>\n<li>N\u00f3\u017c do trawy producenta Multi 300-3<\/li>\n<li>Szelki producenta Standardowe, podw\u00f3jne szelki<\/li>\n<li>Tarcza tn\u0105ca producenta<\/li>\n<li>G\u0142owica \u017cy\u0142kowa T45X M12<\/li>\n<\/ul>\n<p><strong>Wydajno\u015b\u0107<\/strong><\/p>\n<ul>\n<li>Szeroko\u015b\u0107 koszenia 46 cm<\/li>\n<\/ul>\n<p><strong>D\u017awi\u0119k i ha\u0142as<\/strong><\/p>\n<ul>\n<li>Ci\u015bnienie akustyczne przy uchu operatora 102 dB(A)<\/li>\n<li>Gwarantowana moc akustyczna 118 dB(A)<\/li>\n<li>Emisja zanieczyszcze\u0144<\/li>\n<\/ul>\n","protected":false},"excerpt":{"rendered":"<p>Mocna i bardzo wydajna maszyna do wykaszania g\u0119stej trawy i chwast\u00f3w. 553RS to maszyna przeznaczona dla u\u017cytkownik\u00f3w, kt\u00f3rzy oczekuj\u0105 solidnej, niezawodnej i \u0142atwej w u\u017cyciu wykaszarki. Wyposa\u017cona w mocny, wydajny pod wzgl\u0119dem zu\u017cycia paliwa silnik X-Torq i wydajny filtr powietrza, kt\u00f3re zapewniaj\u0105 d\u0142u\u017csz\u0105 \u017cywotno\u015b\u0107 silnika. W zastawie g\u0142owica \u017cy\u0142kowa, n\u00f3\u017c do trawy i os\u0142ona typu combi.<\/p>\n<p><strong>W zestawie z g\u0142owic\u0105 \u017cy\u0142kow\u0105 w cenie lub n\u00f3\u017c tr\u00f3jz\u0119by p\u0142atny dodatkowo 20zl doba<\/strong><\/p>\n","protected":false},"featured_media":1635,"template":"","meta":[],"product_cat":[51],"product_tag":[],"_links":{"self":[{"href":"https:\/\/rentalmet.pl\/index.php\/wp-json\/wp\/v2\/product\/1634"}],"collection":[{"href":"https:\/\/rentalmet.pl\/index.php\/wp-json\/wp\/v2\/product"}],"about":[{"href":"https:\/\/rentalmet.pl\/index.php\/wp-json\/wp\/v2\/types\/product"}],"wp:featuredmedia":[{"embeddable":true,"href":"https:\/\/rentalmet.pl\/index.php\/wp-json\/wp\/v2\/media\/1635"}],"wp:attachment":[{"href":"https:\/\/rentalmet.pl\/index.php\/wp-json\/wp\/v2\/media?parent=1634"}],"wp:term":[{"taxonomy":"product_cat","embeddable":true,"href":"https:\/\/rentalmet.pl\/index.php\/wp-json\/wp\/v2\/product_cat?post=1634"},{"taxonomy":"product_tag","embeddable":true,"href":"https:\/\/rentalmet.pl\/index.php\/wp-json\/wp\/v2\/product_tag?post=1634"}],"curies":[{"name":"wp","href":"https:\/\/api.w.org\/{rel}","templated":true}]}}