{"id":1624,"date":"2023-04-17T10:05:15","date_gmt":"2023-04-17T10:05:15","guid":{"rendered":"https:\/\/rentalmet.pl\/?post_type=product&#038;p=1624"},"modified":"2023-04-17T10:07:05","modified_gmt":"2023-04-17T10:07:05","slug":"rozdrabniacz-spalinowy-cedrus-rb02","status":"publish","type":"product","link":"https:\/\/rentalmet.pl\/index.php\/produkt\/rozdrabniacz-spalinowy-cedrus-rb02\/","title":{"rendered":"Rozdrabniacz spalinowy Cedrus RB02"},"content":{"rendered":"<div class=\"attribute-row\">\n<ul>\n<li><label>Pojemno\u015b\u0107 oleju: <\/label><strong>0,6 l<\/strong><\/li>\n<li><label>Pr\u0119dko\u015b\u0107 obrotowa no\u017cy: <\/label><strong>2400 obr.\/min<\/strong><\/li>\n<li><label>Max moc silnika: <\/label><strong>6,5 KM<\/strong><\/li>\n<li><label>Producent silnika: <\/label><strong>Loncin<\/strong><\/li>\n<li><label>Model silnika: <\/label><strong>G200F<\/strong><\/li>\n<li><label>Dodatkowe zalety: <\/label><strong>ko\u0142a pompowane, wy\u0142\u0105cznik bezpiecze\u0144stawa<\/strong><\/li>\n<li><label>Ostrze tn\u0105ce<label>: <\/label><\/label><strong>2 x 150mm<\/strong><\/li>\n<li><label>Przekazanie nap\u0119du<label>: <\/label><\/label><strong>Pasek klinowy<\/strong><\/li>\n<li><label>\u015arednica ga\u0142\u0119zi<label>: <\/label><\/label><strong>100mm<\/strong><\/li>\n<li><label>Rozrusznik<label>: <\/label><\/label><strong>r\u0119czny<\/strong><\/li>\n<li><label>Wydajno\u015b\u0107<label>: <\/label><\/label><strong>3 m3\/h \u2013 5 m3\/h<\/strong><\/li>\n<li><label>Pojemno\u015b\u0107 zbiornika paliwa<label>: <\/label><\/label><strong>3,6 l<\/strong><\/li>\n<li><label>Ci\u0119\u017car<label>: <\/label><\/label><strong>85 kg<\/strong><\/li>\n<\/ul>\n<\/div>\n","protected":false},"excerpt":{"rendered":"<p>Rozdrabniacz spalinowy Cedrus RB02 to urz\u0105dzenie idealne dla w\u0142a\u015bcicieli prywatnych ogrod\u00f3w oraz sad\u00f3w. Bez problem\u00f3w poradzi sobie z rozdrabnianiem ga\u0142\u0119zi do 10cm. Wydajno\u015b\u0107 tej maszyny wacha si\u0119 w przedziale 3 m3\/h \u2013 5 m3\/h. Du\u017co lepszy efekt pracy uzyskamy rozdrabniaj\u0105c mokry materia\u0142. Rozdrabniacz RB02 wyposa\u017cony zosta\u0142 w wydajny silnik o mocy 4,8kW\/3600obr\/min z \u017celiwn\u0105 tulej\u0105 oraz tranzystorowym zap\u0142onem. Silnik nap\u0119dza urz\u0105dzenie robocze, w postaci b\u0119bna z dwoma no\u017cami roboczymi o \u015brednicy 150mm, za pomoc\u0105 dw\u00f3ch pask\u00f3w klinowych. Urz\u0105dzenie wyposa\u017cone zosta\u0142o w dwa wy\u0142\u0105czniki bezpiecze\u0144stwa, regulowany komin wyrzutowy, pompowane ko\u0142a, wygodny uchwyt do transportu oraz szeroki otw\u00f3r wlotowy pozwalaj\u0105cy pracowa\u0107 nawet z mocno rozga\u0142\u0119\u017anymi konarami.\u00a0\u015aci\u0119ty materia\u0142 nadaje si\u0119 do kompostowania, obsypywania rabatek z drzewami lub krzewami lub po wysuszeniu mo\u017cna stosowa\u0107 go jako opa\u0142.<\/p>\n","protected":false},"featured_media":1625,"template":"","meta":[],"product_cat":[43],"product_tag":[],"_links":{"self":[{"href":"https:\/\/rentalmet.pl\/index.php\/wp-json\/wp\/v2\/product\/1624"}],"collection":[{"href":"https:\/\/rentalmet.pl\/index.php\/wp-json\/wp\/v2\/product"}],"about":[{"href":"https:\/\/rentalmet.pl\/index.php\/wp-json\/wp\/v2\/types\/product"}],"wp:featuredmedia":[{"embeddable":true,"href":"https:\/\/rentalmet.pl\/index.php\/wp-json\/wp\/v2\/media\/1625"}],"wp:attachment":[{"href":"https:\/\/rentalmet.pl\/index.php\/wp-json\/wp\/v2\/media?parent=1624"}],"wp:term":[{"taxonomy":"product_cat","embeddable":true,"href":"https:\/\/rentalmet.pl\/index.php\/wp-json\/wp\/v2\/product_cat?post=1624"},{"taxonomy":"product_tag","embeddable":true,"href":"https:\/\/rentalmet.pl\/index.php\/wp-json\/wp\/v2\/product_tag?post=1624"}],"curies":[{"name":"wp","href":"https:\/\/api.w.org\/{rel}","templated":true}]}}