{"id":1616,"date":"2022-09-07T10:25:45","date_gmt":"2022-09-07T10:25:45","guid":{"rendered":"https:\/\/rentalmet.pl\/?post_type=product&#038;p=1616"},"modified":"2022-09-07T10:25:45","modified_gmt":"2022-09-07T10:25:45","slug":"listwa-oscylujaca-wibracyjna-spalinowa-enar-qz-profil-2m","status":"publish","type":"product","link":"https:\/\/rentalmet.pl\/index.php\/produkt\/listwa-oscylujaca-wibracyjna-spalinowa-enar-qz-profil-2m\/","title":{"rendered":"Listwa oscyluj\u0105ca wibracyjna spalinowa Enar QZ + profil 2m"},"content":{"rendered":"<ul>\n<li><strong>MODEL<\/strong>: QZGH<\/li>\n<li><strong>SILNIK<\/strong>: HONDA GX-25 4 SUW<\/li>\n<li><strong>MOC KM<\/strong>: 1,1 KM 7000 OBR.\/MIN<\/li>\n<li><strong>CZ\u0118STOTLIWO\u015a\u0106 WIB.\/MIN: <\/strong>DO 9.000<\/li>\n<li><strong>D\u0141UGO\u015a\u0106 M<\/strong>: 2 DO 3<\/li>\n<li><strong>WAGA KG<\/strong>: 17 DO 27<\/li>\n<li><strong>SILA ODSRODKOWA N<\/strong>: 1.500<\/li>\n<li><strong>CYLINDER CC<\/strong>: 25<\/li>\n<li><strong>PALIWO<\/strong>: BENZYNA BEZO\u0141OWIOWA<\/li>\n<li><strong>OBJ\u0118TO\u015a\u0106 ZBIORNIKA L<\/strong>: 0,5<\/li>\n<\/ul>\n","protected":false},"excerpt":{"rendered":"<p>Profil zakrzywiony, specjalnie zaprojektowany do rozprowadzania i zaci\u0105gania betonu. Uzyskana g\u0142adko\u015b\u0107 i wyko\u0144czenie powierzchni sprawiaj\u0105, \u017ce p\u00f3\u017aniejsze zacieranie jest niepotrzebne. Listwy wyr\u00f3wnuj\u0105ce dost\u0119pne s\u0105 z silnikami elektrycznymi oraz 4-suwowymi, dostosowanymi do wszystkich aktualnych potrzeb rynku.<\/p>\n","protected":false},"featured_media":1617,"template":"","meta":[],"product_cat":[30,31],"product_tag":[],"_links":{"self":[{"href":"https:\/\/rentalmet.pl\/index.php\/wp-json\/wp\/v2\/product\/1616"}],"collection":[{"href":"https:\/\/rentalmet.pl\/index.php\/wp-json\/wp\/v2\/product"}],"about":[{"href":"https:\/\/rentalmet.pl\/index.php\/wp-json\/wp\/v2\/types\/product"}],"wp:featuredmedia":[{"embeddable":true,"href":"https:\/\/rentalmet.pl\/index.php\/wp-json\/wp\/v2\/media\/1617"}],"wp:attachment":[{"href":"https:\/\/rentalmet.pl\/index.php\/wp-json\/wp\/v2\/media?parent=1616"}],"wp:term":[{"taxonomy":"product_cat","embeddable":true,"href":"https:\/\/rentalmet.pl\/index.php\/wp-json\/wp\/v2\/product_cat?post=1616"},{"taxonomy":"product_tag","embeddable":true,"href":"https:\/\/rentalmet.pl\/index.php\/wp-json\/wp\/v2\/product_tag?post=1616"}],"curies":[{"name":"wp","href":"https:\/\/api.w.org\/{rel}","templated":true}]}}