{"id":1563,"date":"2022-08-29T10:43:46","date_gmt":"2022-08-29T10:43:46","guid":{"rendered":"https:\/\/rentalmet.pl\/?post_type=product&#038;p=1563"},"modified":"2022-08-29T12:25:23","modified_gmt":"2022-08-29T12:25:23","slug":"wibrator-do-betonu-enar-dingo-walek-gietki-4m-bulawa","status":"publish","type":"product","link":"https:\/\/rentalmet.pl\/index.php\/produkt\/wibrator-do-betonu-enar-dingo-walek-gietki-4m-bulawa\/","title":{"rendered":"Wibrator do betonu ENAR DINGO + wa\u0142ek gi\u0119tki 4m + bu\u0142awa"},"content":{"rendered":"<p>Waga: 5,4 kg<br \/>\nZasilanie: 230V 50-60HZ<br \/>\nMoc: 2300 W<br \/>\nMoc: 3 KM<br \/>\nPr\u0119dko\u015b\u0107 obrotowa: 18 000 obr\/min<br \/>\nCechy szczeg\u00f3lne Enar Dingo:<\/p>\n<p>Wy\u0142\u0105cznik wbudowany w uchwyt, zabezpieczony przed wod\u0105 oraz uderzeniami<br \/>\nPodw\u00f3jna izolacja,<br \/>\nPrzewymiarowany silnik ze wzmocnionym przewodem elektrycznym,<br \/>\nBardzo du\u017ca odporno\u015b\u0107 na wstrz\u0105sy<br \/>\nUchwyt zaprojektowany w celu ochrony obwodu silnika przed uderzeniami,<br \/>\nWzmocnienie przewodu u wylotu silnika,<br \/>\nKorpus o wytrzyma\u0142o\u015bci przekraczaj\u0105cej pi\u0119ciokrotnie wymagane normy,<br \/>\nTrzy uchwyty wok\u00f3\u0142 uchwytu korpusu silnika i dodatkowy uchwyt z ty\u0142u do manewrowania przy kr\u00f3tkich wa\u0142kach oraz do prac w pionie,<br \/>\nPasek \u0142atwy w demonta\u017cu i regulacji,<br \/>\nFiltr z pianki i siatka przy wlocie powietrza,<br \/>\nCechy szczeg\u00f3lne wa\u0142ka:<\/p>\n<p>Wa\u0142ki wzmocnione s\u0105 od wewn\u0105trz specjaln\u0105 ta\u015bm\u0105 stalow\u0105 i siatk\u0105.<br \/>\nWa\u0142ki TDX kompatybilne z bu\u0142awami o \u015brednicach 40mm 13500 obr \/ min<\/p>\n","protected":false},"excerpt":{"rendered":"<p>KOMPLET sk\u0142ada si\u0119 z:<\/p>\n<p>niezawodnego nap\u0119du Enar DINGO<br \/>\nwa\u0142ka gi\u0119tkiego Enar TDX 4m<br \/>\nbu\u0142awy wibracyjnej Enar AX<br \/>\nSpecyfikacja techniczna nap\u0119du Enar Dingo:<\/p>\n","protected":false},"featured_media":1564,"template":"","meta":[],"product_cat":[30,31],"product_tag":[],"_links":{"self":[{"href":"https:\/\/rentalmet.pl\/index.php\/wp-json\/wp\/v2\/product\/1563"}],"collection":[{"href":"https:\/\/rentalmet.pl\/index.php\/wp-json\/wp\/v2\/product"}],"about":[{"href":"https:\/\/rentalmet.pl\/index.php\/wp-json\/wp\/v2\/types\/product"}],"wp:featuredmedia":[{"embeddable":true,"href":"https:\/\/rentalmet.pl\/index.php\/wp-json\/wp\/v2\/media\/1564"}],"wp:attachment":[{"href":"https:\/\/rentalmet.pl\/index.php\/wp-json\/wp\/v2\/media?parent=1563"}],"wp:term":[{"taxonomy":"product_cat","embeddable":true,"href":"https:\/\/rentalmet.pl\/index.php\/wp-json\/wp\/v2\/product_cat?post=1563"},{"taxonomy":"product_tag","embeddable":true,"href":"https:\/\/rentalmet.pl\/index.php\/wp-json\/wp\/v2\/product_tag?post=1563"}],"curies":[{"name":"wp","href":"https:\/\/api.w.org\/{rel}","templated":true}]}}