{"id":1550,"date":"2022-08-25T11:38:33","date_gmt":"2022-08-25T11:38:33","guid":{"rendered":"https:\/\/rentalmet.pl\/?post_type=product&#038;p=1550"},"modified":"2022-08-29T12:17:27","modified_gmt":"2022-08-29T12:17:27","slug":"hilti-wiertnica-diamentowa-dd-250-ca","status":"publish","type":"product","link":"https:\/\/rentalmet.pl\/index.php\/produkt\/hilti-wiertnica-diamentowa-dd-250-ca\/","title":{"rendered":"HILTI WIERTNICA DIAMENTOWA DD 250-CA"},"content":{"rendered":"<ul>\n<li><span style=\"font-size: medium;\">Zakres \u015brednic:\u00a0 12 &#8211; 500 mm<\/span><\/li>\n<li><span style=\"font-size: medium;\">Materia\u0142 pod\u0142o\u017ca:\u00a0 Beton, \u017belbet, Asfalt<\/span><\/li>\n<li><span style=\"font-size: medium;\">Tryb pracy:\u00a0 System wiercenia ze statywem<\/span><\/li>\n<\/ul>\n<p><span style=\"font-size: medium;\">W\u0142a\u015bciwo\u015bci <\/span><\/p>\n<ul>\n<li><span style=\"font-size: medium;\">Jednostka nap\u0119dowa ch\u0142odzona powietrzem, przystosowana do du\u017cych obci\u0105\u017ce\u0144 \u2013 wiertnica diamentowa o solidnej konstrukcji i z wygodnym sterowaniem, opracowana z my\u015bl\u0105 o zapewnieniu du\u017cej wydajno\u015bci <\/span><\/li>\n<li><span style=\"font-size: medium;\">Bardzo du\u017cy zakres \u015brednic \u2013 czterobiegowa przek\u0142adnia umo\u017cliwiaj\u0105ca stosowanie wi\u0119kszo\u015bci rozmiar\u00f3w wierte\u0142 koronowych <\/span><\/li>\n<li><span style=\"font-size: medium;\">Funkcja nawiercania otwor\u00f3w \u2013 tryb o niskim poziomie wibracji i ma\u0142ej pr\u0119dko\u015bci, u\u0142atwiaj\u0105cy rozpocz\u0119cie wiercenia wiert\u0142ami koronowymi o du\u017cych \u015brednicach <\/span><\/li>\n<li><span style=\"font-size: medium;\">Hilti Cut Assist \u2013 funkcja zautomatyzowanego wiercenia. Rozpoczyna wiercenie po wykryciu pod\u0142o\u017ca, nast\u0119pnie w spos\u00f3b ci\u0105g\u0142y reguluje pr\u0119dko\u015b\u0107 i steruje przep\u0142ywem wody, nawet podczas przecinania pr\u0119t\u00f3w zbrojeniowych. Dzi\u0119ki funkcji Cut Assist mo\u017cna znacznie zwi\u0119kszy\u0107 produktywno\u015b\u0107 i zyska\u0107 wi\u0119cej czasu na wykonywanie innych prac (wymaga opcjonalnego modu\u0142u automatycznego posuwu DD AF-CA H). <\/span><\/li>\n<li><span style=\"font-size: medium;\">Wy\u015bwietlanie informacji w czasie rzeczywistym \u2013 cyfrowej poziomicy, przek\u0142adni, funkcji regulacji mocy, szczeg\u00f3\u0142owej statystyki u\u017cytkowania oraz zrozumia\u0142ych komunikat\u00f3w serwisowych <\/span><\/li>\n<\/ul>\n<p><span style=\"font-size: medium;\">Aplikacje<\/span><\/p>\n<ul>\n<li><span style=\"font-size: medium;\">Wiercenie diamentowe przej\u015b\u0107 kana\u0142\u00f3w wentylacyjnych, rur i kabli <\/span><\/li>\n<li><span style=\"font-size: medium;\">Wiercenie diamentowe otwor\u00f3w nieprzelotowych do osadzania kotew lub wykonywania po\u0142\u0105cze\u0144 pr\u0119t\u00f3w zbrojeniowych <\/span><\/li>\n<li><span style=\"font-size: medium;\">Wiercenie \u015bciegiem w celu wykonywania du\u017cych otwor\u00f3w <\/span><\/li>\n<li><span style=\"font-size: medium;\">Zautomatyzowane wiercenie du\u017cej liczby otwor\u00f3w przy u\u017cyciu modu\u0142u automatycznego posuwu DD AF-CA H <\/span><\/li>\n<li><span style=\"font-size: medium;\">Zautomatyzowane wiercenie g\u0142\u0119bokich otwor\u00f3w lub otwor\u00f3w o bardzo du\u017cych \u015brednicach przy u\u017cyciu modu\u0142u automatycznego posuwu DD AF-CA H <\/span><\/li>\n<\/ul>\n","protected":false},"excerpt":{"rendered":"<p><span style=\"font-size: medium;\">Zaawansowane urz\u0105dzenie do wiercenia diamentowego, do du\u017cych obci\u0105\u017ce\u0144, z opcjonalnym modu\u0142em automatycznego posuwu Cut Assist, do wiercenia diamentowego otwor\u00f3w o ma\u0142ych i du\u017cych \u015brednicach do 12 do 500 mm (1\/2&#8243; &#8211; 20\u201d)<\/span><\/p>\n","protected":false},"featured_media":1551,"template":"","meta":[],"product_cat":[30,32],"product_tag":[],"_links":{"self":[{"href":"https:\/\/rentalmet.pl\/index.php\/wp-json\/wp\/v2\/product\/1550"}],"collection":[{"href":"https:\/\/rentalmet.pl\/index.php\/wp-json\/wp\/v2\/product"}],"about":[{"href":"https:\/\/rentalmet.pl\/index.php\/wp-json\/wp\/v2\/types\/product"}],"wp:featuredmedia":[{"embeddable":true,"href":"https:\/\/rentalmet.pl\/index.php\/wp-json\/wp\/v2\/media\/1551"}],"wp:attachment":[{"href":"https:\/\/rentalmet.pl\/index.php\/wp-json\/wp\/v2\/media?parent=1550"}],"wp:term":[{"taxonomy":"product_cat","embeddable":true,"href":"https:\/\/rentalmet.pl\/index.php\/wp-json\/wp\/v2\/product_cat?post=1550"},{"taxonomy":"product_tag","embeddable":true,"href":"https:\/\/rentalmet.pl\/index.php\/wp-json\/wp\/v2\/product_tag?post=1550"}],"curies":[{"name":"wp","href":"https:\/\/api.w.org\/{rel}","templated":true}]}}