{"id":1548,"date":"2022-08-25T11:36:44","date_gmt":"2022-08-25T11:36:44","guid":{"rendered":"https:\/\/rentalmet.pl\/?post_type=product&#038;p=1548"},"modified":"2022-08-29T12:17:36","modified_gmt":"2022-08-29T12:17:36","slug":"milwaukee-wiertnica-diamentowa-dd2-160xe-1500w-2-biegowa","status":"publish","type":"product","link":"https:\/\/rentalmet.pl\/index.php\/produkt\/milwaukee-wiertnica-diamentowa-dd2-160xe-1500w-2-biegowa\/","title":{"rendered":"MILWAUKEE Wiertnica diamentowa DD2-160XE 1500W 2-biegowa"},"content":{"rendered":"<p><span style=\"font-size: medium;\">Dane techniczne:<\/span><\/p>\n<ul>\n<li><span style=\"font-size: medium;\">Moc: 1500,00 W<br \/>\n<\/span><\/li>\n<li><span style=\"font-size: medium;\">Liczba bieg\u00f3w: 2,00<br \/>\n<\/span><\/li>\n<li><span style=\"font-size: medium;\">Masa: 4,20 kg<br \/>\n<\/span><\/li>\n<li><span style=\"font-size: medium;\">Max. pr\u0119dko\u015b\u0107 obrotowa: 1770,00 obr.\/min<br \/>\n<\/span><\/li>\n<li><span style=\"font-size: medium;\">Max. \u015brednica wiercenia w murze: 162,00 mm<br \/>\n<\/span><\/li>\n<li><span style=\"font-size: medium;\">Skok bez obci\u0105\u017cenia: 24.000 \/ 48.000 obr\/min<br \/>\n<\/span><\/li>\n<li><span style=\"font-size: medium;\">Pr\u0119dko\u015b\u0107 przy pe\u0142nym obci\u0105\u017ceniu:<br \/>\n<\/span><\/li>\n<li><span style=\"font-size: medium;\">&#8211; 1-szy bieg 0 \u2013 890 obr\/min<br \/>\n<\/span><\/li>\n<li><span style=\"font-size: medium;\">&#8211; 2-gi bieg 0 \u2013 1770 obr\/min<br \/>\n<\/span><\/li>\n<li><span style=\"font-size: medium;\">Moment utyku 1-szy bieg: 50 Nm<br \/>\n<\/span><\/li>\n<li><span style=\"font-size: medium;\">Moment utyku 2-gi bieg: 35 Nm<br \/>\n<\/span><\/li>\n<li><span style=\"font-size: medium;\">Chwyt uchwytu: M 18 x 2,5<\/span><\/li>\n<\/ul>\n","protected":false},"excerpt":{"rendered":"<p><span style=\"font-size: medium;\">Podw\u00f3jne zabezpieczenie dzi\u0119ki zastosowaniu elektroniczno-mechanicznego uk\u0142adu sprz\u0119g\u0142a.<br \/>\nMocna konstrukcja z metalow\u0105 skrzynk\u0105 przek\u0142adniow\u0105.<br \/>\nBezpieczna obs\u0142uga dzi\u0119ki wyd\u0142u\u017conemu uchwytowi bocznemu AVS i uchwytowi tylnemu w kszta\u0142cie litery D.<br \/>\n2 biegowa skrzynka przek\u0142adniowa.<br \/>\nAdapter FIXTEC M16 do szybkiego usuni\u0119cia koronki rdzeniowej.<\/span><\/p>\n","protected":false},"featured_media":1549,"template":"","meta":[],"product_cat":[30,32],"product_tag":[],"_links":{"self":[{"href":"https:\/\/rentalmet.pl\/index.php\/wp-json\/wp\/v2\/product\/1548"}],"collection":[{"href":"https:\/\/rentalmet.pl\/index.php\/wp-json\/wp\/v2\/product"}],"about":[{"href":"https:\/\/rentalmet.pl\/index.php\/wp-json\/wp\/v2\/types\/product"}],"wp:featuredmedia":[{"embeddable":true,"href":"https:\/\/rentalmet.pl\/index.php\/wp-json\/wp\/v2\/media\/1549"}],"wp:attachment":[{"href":"https:\/\/rentalmet.pl\/index.php\/wp-json\/wp\/v2\/media?parent=1548"}],"wp:term":[{"taxonomy":"product_cat","embeddable":true,"href":"https:\/\/rentalmet.pl\/index.php\/wp-json\/wp\/v2\/product_cat?post=1548"},{"taxonomy":"product_tag","embeddable":true,"href":"https:\/\/rentalmet.pl\/index.php\/wp-json\/wp\/v2\/product_tag?post=1548"}],"curies":[{"name":"wp","href":"https:\/\/api.w.org\/{rel}","templated":true}]}}