{"id":1546,"date":"2022-08-25T11:35:22","date_gmt":"2022-08-25T11:35:22","guid":{"rendered":"https:\/\/rentalmet.pl\/?post_type=product&#038;p=1546"},"modified":"2022-08-29T12:17:54","modified_gmt":"2022-08-29T12:17:54","slug":"husqvarna-glebogryzarka-kultywator-spalinowy-tf-435p","status":"publish","type":"product","link":"https:\/\/rentalmet.pl\/index.php\/produkt\/husqvarna-glebogryzarka-kultywator-spalinowy-tf-435p\/","title":{"rendered":"HUSQVARNA Glebogryzarka Kultywator Spalinowy TF 435P"},"content":{"rendered":"<h2 class=\"western\"><span style=\"font-family: Calibri, serif;\"><span style=\"font-size: medium;\">Dane techniczne:<\/span><\/span><\/h2>\n<ul>\n<li><span style=\"font-family: Times New Roman, serif;\"><span style=\"font-size: medium;\"><span style=\"font-family: Calibri, serif;\">Silnik:\u00a0Honda<\/span><\/span><\/span><\/li>\n<li><span style=\"font-family: Times New Roman, serif;\"><span style=\"font-size: medium;\"><span style=\"font-family: Calibri, serif;\">Nazwa silnika: GP 160BH<\/span><\/span><\/span><\/li>\n<li><span style=\"font-family: Times New Roman, serif;\"><span style=\"font-size: medium;\"><span style=\"font-family: Calibri, serif;\">Pojemno\u015b\u0107 cylindra: 163 cm3<\/span><\/span><\/span><\/li>\n<li><span style=\"font-family: Times New Roman, serif;\"><span style=\"font-size: medium;\"><span style=\"font-family: Calibri, serif;\">Przek\u0142adnia: \u0142a\u0144cuchowa pneumatyczna<\/span><\/span><\/span><\/li>\n<li><span style=\"font-family: Times New Roman, serif;\"><span style=\"font-size: medium;\"><span style=\"font-family: Calibri, serif;\">Rodzaj glebogryzarki: z z\u0119bami mocowanymi z przodu<\/span><\/span><\/span><\/li>\n<li><span style=\"font-family: Times New Roman, serif;\"><span style=\"font-size: medium;\"><span style=\"font-family: Calibri, serif;\">Szeroko\u015b\u0107 robocza: 80<\/span><\/span><\/span><\/li>\n<li><span style=\"font-family: Times New Roman, serif;\"><span style=\"font-size: medium;\"><span style=\"font-family: Calibri, serif;\">G\u0142\u0119boko\u015b\u0107 robocza: 30<\/span><\/span><\/span><\/li>\n<li><span style=\"font-family: Times New Roman, serif;\"><span style=\"font-size: medium;\"><span style=\"font-family: Calibri, serif;\">Ilo\u015b\u0107 z\u0119b\u00f3w: 6 szt.<\/span><\/span><\/span><\/li>\n<li><span style=\"font-family: Times New Roman, serif;\"><span style=\"font-size: medium;\"><span style=\"font-family: Calibri, serif;\">Waga urz\u0105dzenia: 60kg<\/span><\/span><\/span><\/li>\n<\/ul>\n","protected":false},"excerpt":{"rendered":"<p><span style=\"font-size: medium;\">Profesjonalna glebogryzarka z pneumatycznym za\u0142\u0105czaniem i roz\u0142\u0105czaniem sprz\u0119g\u0142a. Dwa biegi w prz\u00f3d i jeden wstecz. Przednie urz\u0105dzenie tn\u0105ce, regulowany ergonomiczny uchwyt do swobodnej wielogodzinnej pracy. Silnik Honda o mocy 4,8 KM. Dodatkowy obsypnik, os\u0142ona z\u0119b\u00f3w zmniejszaj\u0105ca rozrzut ziemi. Listwa do odchwaszczania, dostosowana do r\u00f3\u017cnych warunk\u00f3w pracy.<\/span><\/p>\n","protected":false},"featured_media":1547,"template":"","meta":[],"product_cat":[41,40],"product_tag":[],"_links":{"self":[{"href":"https:\/\/rentalmet.pl\/index.php\/wp-json\/wp\/v2\/product\/1546"}],"collection":[{"href":"https:\/\/rentalmet.pl\/index.php\/wp-json\/wp\/v2\/product"}],"about":[{"href":"https:\/\/rentalmet.pl\/index.php\/wp-json\/wp\/v2\/types\/product"}],"wp:featuredmedia":[{"embeddable":true,"href":"https:\/\/rentalmet.pl\/index.php\/wp-json\/wp\/v2\/media\/1547"}],"wp:attachment":[{"href":"https:\/\/rentalmet.pl\/index.php\/wp-json\/wp\/v2\/media?parent=1546"}],"wp:term":[{"taxonomy":"product_cat","embeddable":true,"href":"https:\/\/rentalmet.pl\/index.php\/wp-json\/wp\/v2\/product_cat?post=1546"},{"taxonomy":"product_tag","embeddable":true,"href":"https:\/\/rentalmet.pl\/index.php\/wp-json\/wp\/v2\/product_tag?post=1546"}],"curies":[{"name":"wp","href":"https:\/\/api.w.org\/{rel}","templated":true}]}}