{"id":1542,"date":"2022-08-25T11:31:45","date_gmt":"2022-08-25T11:31:45","guid":{"rendered":"https:\/\/rentalmet.pl\/?post_type=product&#038;p=1542"},"modified":"2022-08-29T12:18:26","modified_gmt":"2022-08-29T12:18:26","slug":"oleo-mac-walec-ogrodowy-do-trawy-50-cm-5x-kolce","status":"publish","type":"product","link":"https:\/\/rentalmet.pl\/index.php\/produkt\/oleo-mac-walec-ogrodowy-do-trawy-50-cm-5x-kolce\/","title":{"rendered":"Oleo-Mac WALEC OGRODOWY DO TRAWY 50 CM + 5X KOLCE"},"content":{"rendered":"<p><span style=\"font-size: medium;\">Charakterystyka Produktu:<\/span><\/p>\n<ul>\n<li><span style=\"font-size: medium;\">Walec nape\u0142niany wod\u0105, szeroko\u015b\u0107 50 cm, \u015brednica 30 cm.<\/span><\/li>\n<li><span style=\"font-size: medium;\">Pojemno\u015b\u0107 walca 45 litr\u00f3w<\/span><\/li>\n<li><span style=\"font-size: medium;\">Demontowana r\u0105czka<\/span><\/li>\n<li><span style=\"font-size: medium;\">Mo\u017cliwo\u015b\u0107 do\u0142\u0105czenia kolc\u00f3w do aeracji trawy (dost\u0119pne oddzielnie)<\/span><\/li>\n<\/ul>\n<p>&nbsp;<\/p>\n","protected":false},"excerpt":{"rendered":"<p><span style=\"font-size: medium;\">Walec ogrodowy Oleo-Mac serii OM<\/span><span style=\"font-size: medium;\"> Line, dzi\u0119ki kt\u00f3remu szybko i skutecznie utwardzimy i poprawimy wygl\u0105d naszego trawnika oraz przyspieszymy proces rozrostu trawnika po wysiewie.<\/span><span style=\"font-size: medium;\">\u00a0<\/span><span style=\"font-size: medium;\">Walec\u00a0wyr\u00f3\u017cnia si\u0119 szeroko\u015bci\u0105 rolki, kt\u00f3ra wynosi <\/span><span style=\"font-size: medium;\">50 cm<\/span><span style=\"font-size: medium;\"> oraz pojemno\u015bci\u0105 <\/span><span style=\"font-size: medium;\">45 litr\u00f3w.<\/span><span style=\"font-size: medium;\"> Urz\u0105dzenie posiada\u00a0demontowan\u0105\u00a0r\u0105czk\u0119.<\/span><\/p>\n","protected":false},"featured_media":1543,"template":"","meta":[],"product_cat":[40,44],"product_tag":[],"_links":{"self":[{"href":"https:\/\/rentalmet.pl\/index.php\/wp-json\/wp\/v2\/product\/1542"}],"collection":[{"href":"https:\/\/rentalmet.pl\/index.php\/wp-json\/wp\/v2\/product"}],"about":[{"href":"https:\/\/rentalmet.pl\/index.php\/wp-json\/wp\/v2\/types\/product"}],"wp:featuredmedia":[{"embeddable":true,"href":"https:\/\/rentalmet.pl\/index.php\/wp-json\/wp\/v2\/media\/1543"}],"wp:attachment":[{"href":"https:\/\/rentalmet.pl\/index.php\/wp-json\/wp\/v2\/media?parent=1542"}],"wp:term":[{"taxonomy":"product_cat","embeddable":true,"href":"https:\/\/rentalmet.pl\/index.php\/wp-json\/wp\/v2\/product_cat?post=1542"},{"taxonomy":"product_tag","embeddable":true,"href":"https:\/\/rentalmet.pl\/index.php\/wp-json\/wp\/v2\/product_tag?post=1542"}],"curies":[{"name":"wp","href":"https:\/\/api.w.org\/{rel}","templated":true}]}}