{"id":1540,"date":"2022-08-25T11:28:29","date_gmt":"2022-08-25T11:28:29","guid":{"rendered":"https:\/\/rentalmet.pl\/?post_type=product&#038;p=1540"},"modified":"2022-08-29T12:18:34","modified_gmt":"2022-08-29T12:18:34","slug":"walec-aw-tools-gr9201-50-cm-5-kolce","status":"publish","type":"product","link":"https:\/\/rentalmet.pl\/index.php\/produkt\/walec-aw-tools-gr9201-50-cm-5-kolce\/","title":{"rendered":"WALEC AW-TOOLS  GR9201 50 CM +5 KOLCE"},"content":{"rendered":"<p><span style=\"font-family: Times New Roman, serif;\"><span style=\"font-size: medium;\"><span style=\"font-family: Calibri, serif;\">WALEC PRZEZNACZONY JEST DO NAPE\u0141NIANIA PIASKIEM &#8211; NIE JEST PRODUKTEM WODOSZCZELNYM.<\/span><\/span><\/span><\/p>\n<p><span style=\"font-family: Times New Roman, serif;\"><span style=\"font-size: medium;\"><span style=\"font-family: Calibri, serif;\">WYKONANIE Z WYSOKOGATUNKOWEJ STALI\u00a0 ZAPEWNIA JEGO D\u0141UG\u0104 \u017bYWOTNO\u015a\u0106<\/span><\/span><\/span><\/p>\n<p><span style=\"font-family: Times New Roman, serif;\"><span style=\"font-size: medium;\"><span style=\"font-family: Calibri, serif;\">CECHY PRODUKTU:<\/span><\/span><\/span><\/p>\n<ul>\n<li><span style=\"font-size: medium;\">posiada listw\u0119 do zgarniania ziemi<\/span><\/li>\n<li><span style=\"font-size: medium;\">wyposa\u017cony w sk\u0142adany stalowy trzonek<\/span><\/li>\n<li><span style=\"font-size: medium;\">posiada zapasow\u0105 zatyczk\u0119 w komplecie<\/span><\/li>\n<\/ul>\n<p>U\u017bYTKOWANIE:<\/p>\n<p><span style=\"font-family: Times New Roman, serif;\"><span style=\"font-size: medium;\"><span style=\"font-family: Calibri, serif;\">Kolce nale\u017cy zak\u0142ada\u0107 na mi\u0119kkiej powierzchni takiej jak trawnik.<\/span><\/span><\/span><\/p>\n<p><span style=\"font-family: Times New Roman, serif;\"><span style=\"font-size: medium;\"><span style=\"font-family: Calibri, serif;\">Kolce powinny \u015bci\u015ble przylega\u0107 do walca, co zapobiega odkszta\u0142caniu obr\u0119czy.<\/span><\/span><\/span><\/p>\n<p><span style=\"font-family: Times New Roman, serif;\"><span style=\"font-size: medium;\"><span style=\"font-family: Calibri, serif;\">Kontakt kolc\u00f3w z twardymi powierzchniami typu podjazd, bruk mo\u017ce powodowa\u0107 uszkodzenia, wi\u0119c na czas transportu nale\u017cy demontowa\u0107 obr\u0119cze z walca.<\/span><\/span><\/span><\/p>\n<p><span style=\"font-family: Times New Roman, serif;\"><span style=\"font-size: medium;\"><span style=\"font-family: Calibri, serif;\">Urz\u0105dzenie jest przeznaczone do jazy na wprost. Wszelkie manewry jak skr\u0119canie nale\u017cy wykonywa\u0107 po uniesieniu walca do g\u00f3ry, aby kolce mia\u0142y jak najmniej kontaktu z pod\u0142o\u017cem.<\/span><\/span><\/span><\/p>\n","protected":false},"excerpt":{"rendered":"<ul>\n<li><span style=\"font-size: medium;\">szeroko\u015b\u0107 &#8211; 50cm<\/span><\/li>\n<li><span style=\"font-size: medium;\">wysoko\u015b\u0107 &#8211; 30cm<\/span><\/li>\n<li><span style=\"font-size: medium;\">wysoko\u015b\u0107 ca\u0142kowita &#8211; 115-117cm<\/span><\/li>\n<li><span style=\"font-size: medium;\">r\u0119koje\u015b\u0107 na wysoko\u015bci &#8211; 100-105cm<\/span><\/li>\n<li><span style=\"font-size: medium;\">waga pustego walca- 7kg<\/span><\/li>\n<li><span style=\"font-size: medium;\">waga\/wymiary: oko\u0142o<\/span><\/li>\n<li><span style=\"font-size: medium;\">kolor: w zale\u017cno\u015bci od dostawy czarny z zielonymi r\u0105czkami.<\/span><\/li>\n<\/ul>\n","protected":false},"featured_media":1541,"template":"","meta":[],"product_cat":[40,44],"product_tag":[],"_links":{"self":[{"href":"https:\/\/rentalmet.pl\/index.php\/wp-json\/wp\/v2\/product\/1540"}],"collection":[{"href":"https:\/\/rentalmet.pl\/index.php\/wp-json\/wp\/v2\/product"}],"about":[{"href":"https:\/\/rentalmet.pl\/index.php\/wp-json\/wp\/v2\/types\/product"}],"wp:featuredmedia":[{"embeddable":true,"href":"https:\/\/rentalmet.pl\/index.php\/wp-json\/wp\/v2\/media\/1541"}],"wp:attachment":[{"href":"https:\/\/rentalmet.pl\/index.php\/wp-json\/wp\/v2\/media?parent=1540"}],"wp:term":[{"taxonomy":"product_cat","embeddable":true,"href":"https:\/\/rentalmet.pl\/index.php\/wp-json\/wp\/v2\/product_cat?post=1540"},{"taxonomy":"product_tag","embeddable":true,"href":"https:\/\/rentalmet.pl\/index.php\/wp-json\/wp\/v2\/product_tag?post=1540"}],"curies":[{"name":"wp","href":"https:\/\/api.w.org\/{rel}","templated":true}]}}