{"id":1538,"date":"2022-08-25T11:23:15","date_gmt":"2022-08-25T11:23:15","guid":{"rendered":"https:\/\/rentalmet.pl\/?post_type=product&#038;p=1538"},"modified":"2022-08-29T12:17:04","modified_gmt":"2022-08-29T12:17:04","slug":"pramac-motopompa-szlam-mp66-3-honda-v","status":"publish","type":"product","link":"https:\/\/rentalmet.pl\/index.php\/produkt\/pramac-motopompa-szlam-mp66-3-honda-v\/","title":{"rendered":"PRAMAC MOTOPOMPA SZLAM MP66-3 HONDA V"},"content":{"rendered":"<p><span style=\"font-size: medium;\">DANE TECHNICZNE<\/span><\/p>\n<ul>\n<li><span style=\"font-size: medium;\">WYDAJNO\u015a\u0106:<\/span><span style=\"font-size: medium;\"> 1340 L\/MIN<\/span><\/li>\n<li><span style=\"font-size: medium;\">MAX. WYSOKO\u015a\u0106 PODNOSZENIA:<\/span><span style=\"font-size: medium;\"> 27 M<\/span><\/li>\n<li><span style=\"font-size: medium;\">MAX. WYSOKO\u015a\u0106 SSANIA:<\/span><span style=\"font-size: medium;\"> 8 M<\/span><\/li>\n<li><span style=\"font-size: medium;\">MAX. \u015aREDNICA ZANIECZYSZCZE\u0143:<\/span><span style=\"font-size: medium;\"> 27 MM<\/span><\/li>\n<li><span style=\"font-size: medium;\">\u015aREDNICE Z\u0141\u0104CZY SS\u0104CE\/T\u0141OCZNE:<\/span><span style=\"font-size: medium;\"> 2 CALE<\/span><\/li>\n<li><span style=\"font-size: medium;\">WYMIARY D\u0141. X SZER. X WYS.:<\/span><span style=\"font-size: medium;\"> 672 MM X516 MM X 680 MM<\/span><\/li>\n<li><span style=\"font-size: medium;\">CI\u0118\u017bAR:<\/span><span style=\"font-size: medium;\"> 59 KG<\/span><\/li>\n<li><span style=\"font-size: medium;\">SILNIK: <\/span><span style=\"font-size: medium;\">HONDA GX240<\/span><\/li>\n<li><span style=\"font-size: medium;\">MOC:<\/span><span style=\"font-size: medium;\"> 5,3 KW<\/span><\/li>\n<li><span style=\"font-size: medium;\">POJEMNO\u015a\u0106 SKOKOWA:<\/span><span style=\"font-size: medium;\"> 242 CM3<\/span><\/li>\n<li><span style=\"font-size: medium;\">POJEMNO\u015a\u0106 ZBIORNIKA PALIWA:<\/span><span style=\"font-size: medium;\"> 5,3 L<\/span><\/li>\n<li><span style=\"font-size: medium;\">RODZAJ PALIWA:<\/span><span style=\"font-size: medium;\"> BENZYNA<\/span><\/li>\n<li><span style=\"font-size: medium;\">CZAS PRACY BEZ TANKOWANIA:<\/span><span style=\"font-size: medium;\"> 2,5 H<\/span><\/li>\n<li><span style=\"font-size: medium;\">ROZRUCH:<\/span><span style=\"font-size: medium;\"> R\u0118CZNY<\/span><\/li>\n<\/ul>\n<p lang=\"en-US\">\n","protected":false},"excerpt":{"rendered":"<p><span style=\"font-size: medium;\">MOTOPOMPA DO SZLAMU 3&#8243; 1340 l\/min<\/span><\/p>\n<p><span style=\"font-size: medium;\">FUNKCJE I KORZY\u015aCI:<\/span><\/p>\n<ul>\n<li><span style=\"font-size: medium;\">SILNIKI BENZYNOWE HONDA GX;<\/span><\/li>\n<li><span style=\"font-size: medium;\">ZABEZPIECZENIE BRAKU OLEJU;<\/span><\/li>\n<li><span style=\"font-size: medium;\">SOLIDNA RAMA RUROWA;<\/span><\/li>\n<li><span style=\"font-size: medium;\">FILTRY SSAWNE;<\/span><\/li>\n<li><span style=\"font-size: medium;\">2 Z\u0141\u0104CZA, 3 OPASKI ZACISKOWE;<\/span><\/li>\n<li><span style=\"font-size: medium;\">DO SZLAMU (ZANIECZYSZCZENIA &lt;27mm).<\/span><\/li>\n<\/ul>\n","protected":false},"featured_media":1539,"template":"","meta":[],"product_cat":[33],"product_tag":[],"_links":{"self":[{"href":"https:\/\/rentalmet.pl\/index.php\/wp-json\/wp\/v2\/product\/1538"}],"collection":[{"href":"https:\/\/rentalmet.pl\/index.php\/wp-json\/wp\/v2\/product"}],"about":[{"href":"https:\/\/rentalmet.pl\/index.php\/wp-json\/wp\/v2\/types\/product"}],"wp:featuredmedia":[{"embeddable":true,"href":"https:\/\/rentalmet.pl\/index.php\/wp-json\/wp\/v2\/media\/1539"}],"wp:attachment":[{"href":"https:\/\/rentalmet.pl\/index.php\/wp-json\/wp\/v2\/media?parent=1538"}],"wp:term":[{"taxonomy":"product_cat","embeddable":true,"href":"https:\/\/rentalmet.pl\/index.php\/wp-json\/wp\/v2\/product_cat?post=1538"},{"taxonomy":"product_tag","embeddable":true,"href":"https:\/\/rentalmet.pl\/index.php\/wp-json\/wp\/v2\/product_tag?post=1538"}],"curies":[{"name":"wp","href":"https:\/\/api.w.org\/{rel}","templated":true}]}}