{"id":1536,"date":"2022-08-25T11:20:06","date_gmt":"2022-08-25T11:20:06","guid":{"rendered":"https:\/\/rentalmet.pl\/?post_type=product&#038;p=1536"},"modified":"2022-08-29T12:16:55","modified_gmt":"2022-08-29T12:16:55","slug":"pramac-motopompa-brudna-woda-mp56-3-honda-v","status":"publish","type":"product","link":"https:\/\/rentalmet.pl\/index.php\/produkt\/pramac-motopompa-brudna-woda-mp56-3-honda-v\/","title":{"rendered":"PRAMAC MOTOPOMPA BRUDNA WODA MP56-3 HONDA V"},"content":{"rendered":"<p><span style=\"font-size: medium;\">Motopompy przeznaczone s\u0105 do przepompowywania du\u017cych ilo\u015bci wody i szlamu np. w przypadku powodzi lub po prostu nape\u0142ni\u0107 oczko wodne.<\/p>\n<p><\/span><span style=\"font-size: medium;\">Doskona\u0142e do ci\u0119\u017ckiej, ci\u0105g\u0142ej pracy, do akcji s\u0142u\u017cb ratunkowych, ekip drogowych i budowlanych.<\/span><span style=\"font-size: medium;\"><\/p>\n<p><\/span><span style=\"font-size: medium;\">Wyposa\u017cone w benzynowe silniki Honda.<\/span><span style=\"font-size: medium;\"><\/p>\n<p><\/span><span style=\"font-size: medium;\">Dane techniczne:\u00a0<\/span><\/p>\n<ul>\n<li><span style=\"font-size: medium;\">Silnik &#8211;\u00a0<\/span><span style=\"font-size: medium;\">HONDA GX160<\/span><\/li>\n<li><span style=\"font-size: medium;\">Pojemno\u015b\u0107 silnika &#8211;\u00a0<\/span><span style=\"font-size: medium;\">163\u00a0cm\u00b3\u00a0<\/span><\/li>\n<li><span style=\"font-size: medium;\">Paliwo &#8211; <\/span><span style=\"font-size: medium;\">Benzyna\u00a0<\/span><\/li>\n<li><span style=\"font-size: medium;\">System rozruchu &#8211;\u00a0<\/span><span style=\"font-size: medium;\">R\u0119czny\u00a0<\/span><\/li>\n<li><span style=\"font-size: medium;\">Wydajno\u015b\u0107 maksymalna &#8211; <\/span><span style=\"font-size: medium;\">930\u00a0l\/min (56\u00a0m<\/span><sup><span style=\"font-size: medium;\">3<\/span><\/sup><span style=\"font-size: medium;\">\/h)<\/span><\/li>\n<li><span style=\"font-size: medium;\">Maksymalna wysoko\u015b\u0107 t\u0142oczenia\u00a0&#8211;<\/span><span style=\"font-size: medium;\">\u00a026\u00a0m\u00a0<\/span><\/li>\n<li><span style=\"font-size: medium;\">\u015arednica ssania\/t\u0142oczenia &#8211; <\/span><span style=\"font-size: medium;\">3&#8243;<\/span><\/li>\n<li><span style=\"font-size: medium;\">\u015arednica zanieczyszcze\u0144 maks. &#8211; <\/span><span style=\"font-size: medium;\">6 mm\u00a0<\/span><\/li>\n<li><span style=\"font-size: medium;\">Waga\u00a0<\/span><span style=\"font-size: medium;\">&#8211; 28\u00a0kg<\/span><\/li>\n<\/ul>\n","protected":false},"excerpt":{"rendered":"<p><span style=\"font-size: medium;\">Pompa spalinowa MP 56-3<\/span><span style=\"font-size: medium;\"><b> &#8211; <\/b><\/span><span style=\"font-size: medium;\">seria Pramac MP to motopompy przeznaczone do pompowania wody czystej,\u00a0brudnej, zanieczyszczonej, zawieraj\u0105cej cz\u0105stki sta\u0142e,\u00a0wydajno\u015b\u0107 i wysokie standardy produkcji oraz stosowane nowoczesne metody i technologie, zapewniaj\u0105 zadowolenie u\u017cytkownik\u00f3w prywatnych oraz profesjonalnych.\u00a0<\/span><\/p>\n","protected":false},"featured_media":1537,"template":"","meta":[],"product_cat":[33],"product_tag":[],"_links":{"self":[{"href":"https:\/\/rentalmet.pl\/index.php\/wp-json\/wp\/v2\/product\/1536"}],"collection":[{"href":"https:\/\/rentalmet.pl\/index.php\/wp-json\/wp\/v2\/product"}],"about":[{"href":"https:\/\/rentalmet.pl\/index.php\/wp-json\/wp\/v2\/types\/product"}],"wp:featuredmedia":[{"embeddable":true,"href":"https:\/\/rentalmet.pl\/index.php\/wp-json\/wp\/v2\/media\/1537"}],"wp:attachment":[{"href":"https:\/\/rentalmet.pl\/index.php\/wp-json\/wp\/v2\/media?parent=1536"}],"wp:term":[{"taxonomy":"product_cat","embeddable":true,"href":"https:\/\/rentalmet.pl\/index.php\/wp-json\/wp\/v2\/product_cat?post=1536"},{"taxonomy":"product_tag","embeddable":true,"href":"https:\/\/rentalmet.pl\/index.php\/wp-json\/wp\/v2\/product_tag?post=1536"}],"curies":[{"name":"wp","href":"https:\/\/api.w.org\/{rel}","templated":true}]}}