{"id":1532,"date":"2022-08-25T11:06:46","date_gmt":"2022-08-25T11:06:46","guid":{"rendered":"https:\/\/rentalmet.pl\/?post_type=product&#038;p=1532"},"modified":"2022-08-29T12:16:16","modified_gmt":"2022-08-29T12:16:16","slug":"agregat-pradotworczy-pramac-mes-15000-400v","status":"publish","type":"product","link":"https:\/\/rentalmet.pl\/index.php\/produkt\/agregat-pradotworczy-pramac-mes-15000-400v\/","title":{"rendered":"Agregat pr\u0105dotw\u00f3rczy PRAMAC MES 15000 400V"},"content":{"rendered":"<p><span style=\"font-size: medium;\">Dane techniczne<\/span><b> <\/b><\/p>\n<table width=\"40%\" cellspacing=\"0\" cellpadding=\"1\">\n<tbody>\n<tr>\n<td width=\"55%\"><span style=\"font-size: medium;\">Moc maksymalna 3~<\/span><\/td>\n<td width=\"45%\">\n<p align=\"center\"><span style=\"font-size: medium;\">12 kW<\/span><\/p>\n<\/td>\n<\/tr>\n<tr>\n<td width=\"55%\"><span style=\"font-size: medium;\">Moc jednofazowa<\/span><\/td>\n<td width=\"45%\">\n<p align=\"center\"><span style=\"font-size: medium;\">6,0 kVA<\/span><\/p>\n<\/td>\n<\/tr>\n<tr>\n<td width=\"55%\"><span style=\"font-size: medium;\">Moc ci\u0105g\u0142a COP 3~<\/span><\/td>\n<td width=\"45%\">\n<p align=\"center\"><span style=\"font-size: medium;\">10,8 kW<\/span><\/p>\n<\/td>\n<\/tr>\n<tr>\n<td width=\"55%\"><span style=\"font-size: medium;\">Napi\u0119cie znamionowe<\/span><\/td>\n<td width=\"45%\">\n<p align=\"center\"><span style=\"font-size: medium;\">400\/230 V 50 Hz<\/span><\/p>\n<\/td>\n<\/tr>\n<tr>\n<td width=\"55%\"><span style=\"font-size: medium;\">Wymiary d\u0142. x szer. x wys.<\/span><\/td>\n<td width=\"45%\">\n<p align=\"center\"><span style=\"font-size: medium;\">944 x\u00a0605 x\u00a0645 mm<\/span><\/p>\n<\/td>\n<\/tr>\n<tr>\n<td width=\"55%\"><span style=\"font-size: medium;\">Stabilizacja napi\u0119cia<\/span><\/td>\n<td width=\"45%\">\n<p align=\"center\"><span style=\"font-size: medium;\">5%<\/span><\/p>\n<\/td>\n<\/tr>\n<tr>\n<td width=\"55%\"><span style=\"font-size: medium;\">Masa<\/span><\/td>\n<td width=\"45%\">\n<p align=\"center\"><span style=\"font-size: medium;\">138,6 kg<\/span><\/p>\n<\/td>\n<\/tr>\n<tr>\n<td width=\"55%\"><span style=\"font-size: medium;\">Stopie\u0144 ochrony<\/span><\/td>\n<td width=\"45%\">\n<p align=\"center\"><span style=\"font-size: medium;\">IP23<\/span><\/p>\n<\/td>\n<\/tr>\n<tr>\n<td width=\"55%\"><span style=\"font-size: medium;\">Model Silnika<\/span><\/td>\n<td width=\"45%\">\n<p align=\"center\"><span style=\"font-size: medium;\">HONDA\u00a0GX690<\/span><\/p>\n<\/td>\n<\/tr>\n<tr>\n<td width=\"55%\"><span style=\"font-size: medium;\">Pojemno\u015b\u0107 zbiornika paliwa<\/span><\/td>\n<td width=\"45%\">\n<p align=\"center\"><span style=\"font-size: medium;\">19,0 l<\/span><\/p>\n<\/td>\n<\/tr>\n<tr>\n<td width=\"55%\"><span style=\"font-size: medium;\">Rodzaj paliwa<\/span><\/td>\n<td width=\"45%\">\n<p align=\"center\"><span style=\"font-size: medium;\">etylina 95\/98<\/span><\/p>\n<\/td>\n<\/tr>\n<tr>\n<td width=\"55%\"><span style=\"font-size: medium;\">Zu\u017cycie paliwa (75% mocy)<\/span><\/td>\n<td width=\"45%\">\n<p align=\"center\"><span style=\"font-size: medium;\">~ 5,98 l\/h<\/span><\/p>\n<\/td>\n<\/tr>\n<tr>\n<td width=\"55%\"><span style=\"font-size: medium;\">Czas pracy bez tankowania ( 75% mocy)<\/span><\/td>\n<td width=\"45%\">\n<p align=\"center\"><span style=\"font-size: medium;\">~ 3,18 h<\/span><\/p>\n<\/td>\n<\/tr>\n<tr>\n<td width=\"55%\"><span style=\"font-size: medium;\">Ilo\u015b\u0107 oleju w misce olejowej<\/span><\/td>\n<td width=\"45%\">\n<p align=\"center\"><span style=\"font-size: medium;\">1,9 l<\/span><\/p>\n<\/td>\n<\/tr>\n<\/tbody>\n<\/table>\n<p><span style=\"font-family: Times New Roman, serif;\"><span style=\"font-size: medium;\"><span style=\"font-family: Calibri, serif;\">STEROWANIE:<\/span><b> <\/b><span style=\"font-family: Calibri, serif;\">&#8211; Stacyjka z kluczem: OFF-ON-START &#8211; Przycisk ssania &#8211; Kran benzyny<\/span><\/span><\/span><\/p>\n<p><span style=\"font-family: Times New Roman, serif;\"><span style=\"font-size: medium;\"><span style=\"font-family: Calibri, serif;\">WSKAZANIA:<\/span><b> <\/b><span style=\"font-family: Calibri, serif;\">&#8211; Licznik motogodzin<\/span><\/span><\/span><\/p>\n<p><span style=\"font-family: Times New Roman, serif;\"><span style=\"font-size: medium;\"><span style=\"font-family: Calibri, serif;\">ZABEZPIECZENIA:<\/span><b> <\/b><span style=\"font-family: Calibri, serif;\">&#8211; Wy\u0142\u0105cznik instalacyjny &#8211; Czujnik poziomu oleju<\/span><\/span><\/span><\/p>\n<p><span style=\"font-family: Times New Roman, serif;\"><span style=\"font-size: medium;\"><span style=\"font-family: Calibri, serif;\">GNIAZDA:<\/span><\/span><\/span><\/p>\n<p><span style=\"font-family: Times New Roman, serif;\"><span style=\"font-size: medium;\"><span style=\"font-family: Calibri, serif;\">&#8211; 2P+T CEE 230V 32A IP44 &#8211; 1 szt.<\/span><\/span><\/span><\/p>\n<p><span style=\"font-family: Times New Roman, serif;\"><span style=\"font-size: medium;\"><span style=\"font-family: Calibri, serif;\"><span lang=\"en-US\">&#8211; 3P+N+T CEE 400V 32A IP44 &#8211; 1 sz<\/span><\/span><\/span><\/span><\/p>\n","protected":false},"excerpt":{"rendered":"<p align=\"justify\"><span style=\"font-size: medium;\">Zabrak\u0142o pr\u0105du? Praca zdezorganizowana! Wstrzymane wykonywane roboty?!\u00a0 Brak \u017ar\u00f3d\u0142a elektryczno\u015bci \u2013 potrzebujemy agregatu pr\u0105dotw\u00f3rczego? Doskona\u0142o\u015b\u0107 w\u015br\u00f3d profesjonalnych urz\u0105dze\u0144 Pramac. Solidne wykonanie w po\u0142\u0105czeniu z nowoczesnym i ekonomicznym silnikiem BENZYNOWYM. Idealny do intensywnych zastosowa\u0144. Prosty profesjonalny agregat. Pramac to agregaty wysokiej klasy: mocne i ekonomiczne silniki, wytrzyma\u0142e i nowoczesne wyko\u0144czenie oraz \u0142atwe do nape\u0142niania zbiorniki paliwa. Nowoczesny wygl\u0105d oraz koncepcja \u201cgotowy do u\u017cycia\u201d. Kompaktowy, wydajny oraz fabrycznie zmontowany agregat PRAMAC b\u0119dzie idealny do ka\u017cdego p\u00f3\u0142profesjonalnego zastosowania. Niski poziom ha\u0142asu, wyposa\u017cony w niezawodny silnik HONDA, najwy\u017cszej klasy komponenty oraz pe\u0142ne oprzyrz\u0105dowanie to PRAMAC MES 15000.Jeste\u015bmy do Pa\u0144stwa dyspozycji, zapewniamy profesjonalne doradztwo w kwestii dobrania odpowiedniego agregatu, kt\u00f3ry spe\u0142ni wszystkie Pa\u0144stwa oczekiwania.<\/span><\/p>\n","protected":false},"featured_media":1533,"template":"","meta":[],"product_cat":[34,30],"product_tag":[],"_links":{"self":[{"href":"https:\/\/rentalmet.pl\/index.php\/wp-json\/wp\/v2\/product\/1532"}],"collection":[{"href":"https:\/\/rentalmet.pl\/index.php\/wp-json\/wp\/v2\/product"}],"about":[{"href":"https:\/\/rentalmet.pl\/index.php\/wp-json\/wp\/v2\/types\/product"}],"wp:featuredmedia":[{"embeddable":true,"href":"https:\/\/rentalmet.pl\/index.php\/wp-json\/wp\/v2\/media\/1533"}],"wp:attachment":[{"href":"https:\/\/rentalmet.pl\/index.php\/wp-json\/wp\/v2\/media?parent=1532"}],"wp:term":[{"taxonomy":"product_cat","embeddable":true,"href":"https:\/\/rentalmet.pl\/index.php\/wp-json\/wp\/v2\/product_cat?post=1532"},{"taxonomy":"product_tag","embeddable":true,"href":"https:\/\/rentalmet.pl\/index.php\/wp-json\/wp\/v2\/product_tag?post=1532"}],"curies":[{"name":"wp","href":"https:\/\/api.w.org\/{rel}","templated":true}]}}