{"id":1530,"date":"2022-08-25T11:03:58","date_gmt":"2022-08-25T11:03:58","guid":{"rendered":"https:\/\/rentalmet.pl\/?post_type=product&#038;p=1530"},"modified":"2022-08-29T12:15:53","modified_gmt":"2022-08-29T12:15:53","slug":"myjka-karcher-hds-6-14-c-1-169-900-0","status":"publish","type":"product","link":"https:\/\/rentalmet.pl\/index.php\/produkt\/myjka-karcher-hds-6-14-c-1-169-900-0\/","title":{"rendered":"Myjka Karcher HDS 6\/14 C 1.169-900.0"},"content":{"rendered":"<p><span style=\"font-size: medium;\">Zastosowanie Karcher HDS 6\/14 C:<\/span><\/p>\n<ul>\n<li><span style=\"font-size: medium;\">Czyszczenie pojazd\u00f3w<\/span><\/li>\n<li><span style=\"font-size: medium;\">Czyszczenie wyposa\u017cenia i maszyn<\/span><\/li>\n<li><span style=\"font-size: medium;\">Czyszczenie warsztat\u00f3w<\/span><\/li>\n<li><span style=\"font-size: medium;\">Czyszczenie na zewn\u0105trz<\/span><\/li>\n<li><span style=\"font-size: medium;\">Czyszczenie warsztat\u00f3w naprawczych<\/span><\/li>\n<li><span style=\"font-size: medium;\">Czyszczenie fasad<\/span><\/li>\n<li><span style=\"font-size: medium;\">Czyszczenie basen\u00f3w<\/span><\/li>\n<li><span style=\"font-size: medium;\">Czyszczenie obiekt\u00f3w sportowych<\/span><\/li>\n<li><span style=\"font-size: medium;\">Czyszczenie w procesie produkcji<\/span><\/li>\n<li><span style=\"font-size: medium;\">Czyszczenie linii produkcyjnych<\/span><\/li>\n<\/ul>\n<p><span style=\"font-size: medium;\">Cechy i zalety Karcher HDS 6\/14 C:<\/span><\/p>\n<p><span style=\"font-size: medium;\">Wydajne <\/span><\/p>\n<ul>\n<li><span style=\"font-size: medium;\">Tryb eco!efficiency &#8211; ekonomiczny i przyjazny \u015brodowisku.<\/span><\/li>\n<li><span style=\"font-size: medium;\">Obni\u017cone o 20% zu\u017cycie paliwa oraz emisja CO\u2082.<\/span><\/li>\n<li><span style=\"font-size: medium;\">Wbudowany lejek do nape\u0142niania \u015brodka czyszcz\u0105cego zapobiega przypadkowemu rozlaniu chemii.<\/span><\/li>\n<\/ul>\n<p><span style=\"font-size: medium;\">\u0141atwo\u015b\u0107 u\u017cycia <\/span><\/p>\n<ul>\n<li><span style=\"font-size: medium;\">Du\u017ce pokr\u0119t\u0142o obs\u0142ugowe<\/span><\/li>\n<li><span style=\"font-size: medium;\">Du\u017cy wlew zbiornika u\u0142atwia nape\u0142nianie.<\/span><\/li>\n<li><span style=\"font-size: medium;\">\u0141atwa wymiana preparatu zapobiegaj\u0105cego osadzaniu si\u0119 rdzy w urz\u0105dzeniu.<\/span><\/li>\n<\/ul>\n<p><span style=\"font-size: medium;\">Wygodne w przechowywaniu <\/span><\/p>\n<ul>\n<li><span style=\"font-size: medium;\">Schowek na akcesoria<\/span><\/li>\n<li><span style=\"font-size: medium;\">Praktyczne uchwyty na obudowie.<\/span><\/li>\n<li><span style=\"font-size: medium;\">Uchwyt na lanc\u0119.<\/span><\/li>\n<\/ul>\n<p><span style=\"font-size: medium;\">Niezawodno\u015b\u0107 <\/span><\/p>\n<ul>\n<li><span style=\"font-size: medium;\">SDS redukuje pulsacje ci\u015bnienia w uk\u0142adzie wysokoci\u015bnieniowym urz\u0105dzenia i przez to wyd\u0142u\u017ca \u017cywotno\u015b\u0107 wszystkich element\u00f3w pompy po stronie wysokoci\u015bnieniowej.<\/span><\/li>\n<li><span style=\"font-size: medium;\">Du\u017cy filtr wody chroni pomp\u0119 przed uszkodzeniem.<\/span><\/li>\n<li><span style=\"font-size: medium;\">System zmi\u0119kczania wody zabezpiecza w\u0119\u017cownic\u0119 przed odk\u0142adaniem kamienia.<\/span><\/li>\n<\/ul>\n<p><span style=\"font-size: medium;\">Mobilno\u015b\u0107 <\/span><\/p>\n<ul>\n<li><span style=\"font-size: medium;\">Du\u017ce ko\u0142a<\/span><\/li>\n<li><span style=\"font-size: medium;\">Du\u017ce uchwyty na urz\u0105dzeniu<\/span><\/li>\n<li><span style=\"font-size: medium;\">Udogodnienia w obs\u0142udze pomagaj\u0105 pokona\u0107 przeszkody terenowe np. kraw\u0119\u017cniki<\/span><\/li>\n<\/ul>\n<p><span style=\"font-size: medium;\">Oszcz\u0119dza energi\u0119 i czas: pistolet wysokoci\u015bnieniowy EASY!Force i system mocowania wyposa\u017cenia EASY!Lock <\/span><\/p>\n<ul>\n<li><span style=\"font-size: medium;\">Praca bez zm\u0119czenia: pistolet wysokoci\u015bnieniowy EASY!Force<\/span><\/li>\n<li><span style=\"font-size: medium;\">System mocowania wyposa\u017cenia EASY!Lock: trwa\u0142y i wytrzyma\u0142y.<\/span><\/li>\n<\/ul>\n<p><span style=\"font-size: medium;\">Dane techniczne Karcher HDS 6\/14 C:<\/span><\/p>\n<ul>\n<li><span style=\"font-size: medium;\">Zasilanie ~\/V\/Hz 1\/230\/50<\/span><\/li>\n<li><span style=\"font-size: medium;\">Wydajno\u015b\u0107 t\u0142oczenia l\/h 240-560<\/span><\/li>\n<li><span style=\"font-size: medium;\">Ci\u015bnienie bar\/MPa 140\/14<\/span><\/li>\n<li><span style=\"font-size: medium;\">Maks. temperatura \u00b0C 80<\/span><\/li>\n<li><span style=\"font-size: medium;\">Moc przy\u0142\u0105cza (kW) 3,6<\/span><\/li>\n<li><span style=\"font-size: medium;\">Zu\u017cycie paliwa (kg\/h) 3,5<\/span><\/li>\n<li><span style=\"font-size: medium;\">Zbiornik paliwa (l) 15<\/span><\/li>\n<li><span style=\"font-size: medium;\">Ci\u0119\u017car (kg) 93<\/span><\/li>\n<li><span style=\"font-size: medium;\">Wymiary (d\u0142. x szer. x wys.) (mm) 1060x650x920<\/span><\/li>\n<li><span style=\"font-size: medium;\">Zbiornik na detergent (l) 10<\/span><\/li>\n<\/ul>\n","protected":false},"excerpt":{"rendered":"<p><span style=\"font-size: medium;\">Urz\u0105dzenia klasy kompakt doskonale sprawdzaj\u0105 si\u0119 w warsztatach samochodowych, gospodarstwach rolnych, zak\u0142adach rzemie\u015blniczych oraz ma\u0142ych przedsi\u0119biorstwach posiadaj\u0105cych w\u0142asn\u0105 flot\u0119 samochod\u00f3w. Montowany na wej\u015bciu dok\u0142adny filtr wody chroni pomp\u0119 przed zanieczyszczeniami. System t\u0142umienia drga\u0144 SDS redukuje pulsacje ci\u015bnienia w uk\u0142adzie wysokoci\u015bnieniowym. Monitoring temperatury spalin wy\u0142\u0105cza silnik po przekroczeniu 300\u00b0C zapewniaj\u0105c bezpiecze\u0144stwo u\u017cytkowania. System Easy Press wp\u0142ywa na zmniejszenie si\u0142y nacisku na spust pistoletu wysokoci\u015bnieniowego przez co osoba obs\u0142uguj\u0105ca urz\u0105dzenie nie m\u0119czy si\u0119 i mo\u017ce pracowa\u0107 komfortowo. Dodatkow\u0105 zalet\u0105 jest Servo Control, pier\u015bcie\u0144 umo\u017cliwiaj\u0105cy regulacj\u0119 wydatku wody bezpo\u015brednio na pistolecie. Du\u017ce pokr\u0119t\u0142o obs\u0142ugowe przeznaczone do w\u0142\u0105czania i wy\u0142\u0105czania urz\u0105dzenia, wyboru pomi\u0119dzy wod\u0105 zimn\u0105 a podgrzan\u0105 oraz regulacji temperatury wody. Pokr\u0119t\u0142em mo\u017cna ustawi\u0107 prac\u0119 w trybie eco!efficiency. Woda jest w\u00f3wczas podgrzewana do 60\u00b0C, a zu\u017cycie paliwa spada nawet o 20%.\u00a0<\/span><\/p>\n","protected":false},"featured_media":1531,"template":"","meta":[],"product_cat":[39],"product_tag":[],"_links":{"self":[{"href":"https:\/\/rentalmet.pl\/index.php\/wp-json\/wp\/v2\/product\/1530"}],"collection":[{"href":"https:\/\/rentalmet.pl\/index.php\/wp-json\/wp\/v2\/product"}],"about":[{"href":"https:\/\/rentalmet.pl\/index.php\/wp-json\/wp\/v2\/types\/product"}],"wp:featuredmedia":[{"embeddable":true,"href":"https:\/\/rentalmet.pl\/index.php\/wp-json\/wp\/v2\/media\/1531"}],"wp:attachment":[{"href":"https:\/\/rentalmet.pl\/index.php\/wp-json\/wp\/v2\/media?parent=1530"}],"wp:term":[{"taxonomy":"product_cat","embeddable":true,"href":"https:\/\/rentalmet.pl\/index.php\/wp-json\/wp\/v2\/product_cat?post=1530"},{"taxonomy":"product_tag","embeddable":true,"href":"https:\/\/rentalmet.pl\/index.php\/wp-json\/wp\/v2\/product_tag?post=1530"}],"curies":[{"name":"wp","href":"https:\/\/api.w.org\/{rel}","templated":true}]}}