{"id":1528,"date":"2022-08-25T11:02:01","date_gmt":"2022-08-25T11:02:01","guid":{"rendered":"https:\/\/rentalmet.pl\/?post_type=product&#038;p=1528"},"modified":"2022-08-29T12:15:40","modified_gmt":"2022-08-29T12:15:40","slug":"odkurzacz-pioracy-karcher-puzzi-10-1-1-100-130-0","status":"publish","type":"product","link":"https:\/\/rentalmet.pl\/index.php\/produkt\/odkurzacz-pioracy-karcher-puzzi-10-1-1-100-130-0\/","title":{"rendered":"Odkurzacz pior\u0105cy Karcher Puzzi 10\/1 1.100-130.0"},"content":{"rendered":"<table width=\"611\" cellspacing=\"0\" cellpadding=\"1\">\n<tbody>\n<tr>\n<td width=\"178\"><span style=\"font-size: medium;\">Komfort obs\u0142ugi<\/span><\/td>\n<td width=\"428\">\n<ul>\n<li><span style=\"font-size: medium;\">Szybka i \u0142atwa zmiana dysz; uchwyt na kabel zasilaj\u0105cy.<\/span><\/li>\n<\/ul>\n<\/td>\n<\/tr>\n<tr>\n<td width=\"178\"><span style=\"font-size: medium;\">Miejsce na tabletki czyszcz\u0105ce<\/span><\/td>\n<td width=\"428\">\n<ul>\n<li><span style=\"font-size: medium;\">Praktyczne miejsce na przechowywanie tabletek czyszcz\u0105cych.<\/span><\/li>\n<\/ul>\n<\/td>\n<\/tr>\n<\/tbody>\n<\/table>\n","protected":false},"excerpt":{"rendered":"<p><span style=\"font-family: Times New Roman, serif;\"><span style=\"font-size: medium;\"><span style=\"font-family: Calibri, serif;\">Urz\u0105dzenie dog\u0142\u0119bnie <\/span><span style=\"font-family: Calibri, serif;\">czy\u015bci<\/span><span style=\"font-family: Calibri, serif;\"> runo wyk\u0142adziny usuwaj\u0105c nieprzyjemny zapach i przywracaj\u0105c jej \u015bwie\u017cy wygl\u0105d. W zale\u017cno\u015bci od stopnia zabrudzenia powierzchni mo\u017ce pracowa\u0107 w jednym lub w dw\u00f3ch przej\u015bciach roboczych. Pozostawia jedynie niewielk\u0105 wilgo\u0107 resztkow\u0105, dzi\u0119ki czemu powierzchni\u0119 mo\u017cna u\u017cytkowa\u0107 w kr\u00f3tkim czasie po przeprowadzeniu prac czyszcz\u0105cych. Doskonale sprawdza si\u0119 w hotelach, biurowcach, firmach zajmuj\u0105cych si\u0119 przewozem os\u00f3b oraz w firmach zajmuj\u0105cych si\u0119 czyszczeniem kontraktowym. Nowy model\u00a0<\/span><span style=\"font-family: Calibri, serif;\">Puzzi<\/span><span style=\"font-family: Calibri, serif;\">\u00a0zosta\u0142 wyposa\u017cony w nowe akcesoria, kt\u00f3re dodatkowo zwi\u0119kszaj\u0105 komfort pracy i wydajno\u015b\u0107 urz\u0105dze\u0144 \u2013 przyk\u0142adem jest elastyczna dysza pod\u0142ogowa wyposa\u017cona w listwy, kt\u00f3re idealnie dopasowuj\u0105 si\u0119 do powierzchni. Du\u017cy, wygodny w\u0142\u0105cznik zosta\u0142 przystosowany do obs\u0142ugi stop\u0105, dzi\u0119ki czemu operator nie musi si\u0119 schyla\u0107. Zbiornik na wod\u0119 brudn\u0105 mo\u017cna \u0142atwo wyj\u0105\u0107 w celu opr\u00f3\u017cnienia, a jego prze\u017aroczysta pokrywa pozwala na kontrolowanie poziomu wody. Dzi\u0119ki bogatemu wyposa\u017ceniu urz\u0105dzenie\u00a0<\/span><span style=\"font-family: Calibri, serif;\">Puzzi<\/span><span style=\"font-family: Calibri, serif;\">\u00a0mo\u017cna stosowa\u0107 zar\u00f3wno do czyszczenia wyk\u0142adzin dywanowych jak i tapicerki samochodowej, meblowej oraz pod\u0142\u00f3g twardych. Trwa\u0142e szybkoz\u0142\u0105cze u\u0142atwia szybkie \u0142\u0105czenie w\u0119\u017ca z dysz\u0105.<\/span><\/span><\/span><\/p>\n","protected":false},"featured_media":1529,"template":"","meta":[],"product_cat":[35],"product_tag":[],"_links":{"self":[{"href":"https:\/\/rentalmet.pl\/index.php\/wp-json\/wp\/v2\/product\/1528"}],"collection":[{"href":"https:\/\/rentalmet.pl\/index.php\/wp-json\/wp\/v2\/product"}],"about":[{"href":"https:\/\/rentalmet.pl\/index.php\/wp-json\/wp\/v2\/types\/product"}],"wp:featuredmedia":[{"embeddable":true,"href":"https:\/\/rentalmet.pl\/index.php\/wp-json\/wp\/v2\/media\/1529"}],"wp:attachment":[{"href":"https:\/\/rentalmet.pl\/index.php\/wp-json\/wp\/v2\/media?parent=1528"}],"wp:term":[{"taxonomy":"product_cat","embeddable":true,"href":"https:\/\/rentalmet.pl\/index.php\/wp-json\/wp\/v2\/product_cat?post=1528"},{"taxonomy":"product_tag","embeddable":true,"href":"https:\/\/rentalmet.pl\/index.php\/wp-json\/wp\/v2\/product_tag?post=1528"}],"curies":[{"name":"wp","href":"https:\/\/api.w.org\/{rel}","templated":true}]}}