{"id":1526,"date":"2022-08-25T10:56:00","date_gmt":"2022-08-25T10:56:00","guid":{"rendered":"https:\/\/rentalmet.pl\/?post_type=product&#038;p=1526"},"modified":"2022-08-30T12:00:11","modified_gmt":"2022-08-30T12:00:11","slug":"stihl-spalinowa-przecinarka-drogowa-ts-800-d40","status":"publish","type":"product","link":"https:\/\/rentalmet.pl\/index.php\/produkt\/stihl-spalinowa-przecinarka-drogowa-ts-800-d40\/","title":{"rendered":"STIHL SPALINOWA PRZECINARKA DROGOWA TS 800 D40"},"content":{"rendered":"<p>Dane techniczne<\/p>\n<ul>\n<li>Moc = 5,0 kW\/6,8 KM<\/li>\n<li>Pojemno\u015b\u0107 skokowa = 98,5 cm\u00b3<\/li>\n<li>\u015arednica tarczy tn\u0105cej = 400 mm<\/li>\n<li>Maksymalna g\u0142\u0119boko\u015b\u0107 ci\u0119cia = 145 mm<\/li>\n<li>Ci\u0119\u017car = 13,0 kg<\/li>\n<li>Poziom ci\u015bnienia akustycznego = 100,0 dB(A)<\/li>\n<\/ul>\n","protected":false},"excerpt":{"rendered":"<p><span style=\"font-size: medium;\">Bardzo mocna, wysokowydajna przecinarka z systemem filtr\u00f3w powietrza o d\u0142ugiej \u017cywotno\u015bci z wst\u0119pnym filtrem cyklonowym. Spe\u0142nia wymogi norm EPA II i EU II. Przeznaczona do stosowania w przypadku, gdy rodzaj i grubo\u015b\u0107 materia\u0142u przeznaczonego do ci\u0119cia wymaga du\u017cej mocy silnika. Ergonomiczny design, zoptymalizowane pozycje uchwytu. ElastoStart, kompensator i zaw\u00f3r dekompresyjny. W seryjnym wyposa\u017ceniu przy\u0142\u0105cze wody i tarcza tn\u0105ca z \u017cywic syntetycznych (\u015brednica 400 mm). Prowadzenie r\u0119czne lub na w\u00f3zku prowadz\u0105cym FW 20.<\/span><\/p>\n","protected":false},"featured_media":1527,"template":"","meta":[],"product_cat":[38],"product_tag":[],"_links":{"self":[{"href":"https:\/\/rentalmet.pl\/index.php\/wp-json\/wp\/v2\/product\/1526"}],"collection":[{"href":"https:\/\/rentalmet.pl\/index.php\/wp-json\/wp\/v2\/product"}],"about":[{"href":"https:\/\/rentalmet.pl\/index.php\/wp-json\/wp\/v2\/types\/product"}],"wp:featuredmedia":[{"embeddable":true,"href":"https:\/\/rentalmet.pl\/index.php\/wp-json\/wp\/v2\/media\/1527"}],"wp:attachment":[{"href":"https:\/\/rentalmet.pl\/index.php\/wp-json\/wp\/v2\/media?parent=1526"}],"wp:term":[{"taxonomy":"product_cat","embeddable":true,"href":"https:\/\/rentalmet.pl\/index.php\/wp-json\/wp\/v2\/product_cat?post=1526"},{"taxonomy":"product_tag","embeddable":true,"href":"https:\/\/rentalmet.pl\/index.php\/wp-json\/wp\/v2\/product_tag?post=1526"}],"curies":[{"name":"wp","href":"https:\/\/api.w.org\/{rel}","templated":true}]}}