{"id":1524,"date":"2022-08-25T10:54:25","date_gmt":"2022-08-25T10:54:25","guid":{"rendered":"https:\/\/rentalmet.pl\/?post_type=product&#038;p=1524"},"modified":"2022-08-30T11:56:20","modified_gmt":"2022-08-30T11:56:20","slug":"stihl-przecinarka-do-betonu-ts-420-44km","status":"publish","type":"product","link":"https:\/\/rentalmet.pl\/index.php\/produkt\/stihl-przecinarka-do-betonu-ts-420-44km\/","title":{"rendered":"STIHL Przecinarka do betonu TS 420 4,4KM"},"content":{"rendered":"<p>Dane techniczne<\/p>\n<ul>\n<li>Moc kW\/KM = 3,2\/4,4<\/li>\n<li>Pojemno\u015b\u0107 skokowa cm\u00b3 = 66,7<\/li>\n<li>\u015arednica tarczy tn\u0105cej mm = 350<\/li>\n<li>Maks. g\u0142\u0119boko\u015b\u0107 ci\u0119cia mm = 125<\/li>\n<li>Ci\u0119\u017car kg = 9,6<\/li>\n<li>Poziom mocy akustycznej dB(A) 2) = 109<\/li>\n<li>Poziom ci\u015bnienia akustycznego dB(A) 2) = 98<\/li>\n<li>Warto\u015b\u0107 drga\u0144 strona lewa\/strona prawa m\/s\u00b2 3) = 3,9\/3,9<\/li>\n<\/ul>\n","protected":false},"excerpt":{"rendered":"<p><span style=\"font-family: Times New Roman, serif;\"><span style=\"font-size: medium;\"><span style=\"font-family: Calibri, serif;\">Lekka i por\u0119czna przecinarka o mocy 4,4 KM, wyposa\u017cona w tarcz\u0119 tn\u0105c\u0105 o \u015brednicy 350 mm do zastosowa\u0144 uniwersalnych. Innowacyjny system filtr\u00f3w powietrza o d\u0142ugiej \u017cywotno\u015bci ze wst\u0119pnym filtrem cyklonowym znacznie wyd\u0142u\u017ca \u017cywotno\u015b\u0107 i okresy pomi\u0119dzy kolejnymi czyszczeniami filtra. Niski poziom wibracji zapewnia komfortow\u0105 prac\u0119. Spe\u0142nia wymogi norm EPA II i EU II, odno\u015bnie emisji spalin. Prowadzenie r\u0119czne lub na w\u00f3zku prowadz\u0105cym FW 20<\/span><\/span><\/span><\/p>\n","protected":false},"featured_media":1525,"template":"","meta":[],"product_cat":[38],"product_tag":[],"_links":{"self":[{"href":"https:\/\/rentalmet.pl\/index.php\/wp-json\/wp\/v2\/product\/1524"}],"collection":[{"href":"https:\/\/rentalmet.pl\/index.php\/wp-json\/wp\/v2\/product"}],"about":[{"href":"https:\/\/rentalmet.pl\/index.php\/wp-json\/wp\/v2\/types\/product"}],"wp:featuredmedia":[{"embeddable":true,"href":"https:\/\/rentalmet.pl\/index.php\/wp-json\/wp\/v2\/media\/1525"}],"wp:attachment":[{"href":"https:\/\/rentalmet.pl\/index.php\/wp-json\/wp\/v2\/media?parent=1524"}],"wp:term":[{"taxonomy":"product_cat","embeddable":true,"href":"https:\/\/rentalmet.pl\/index.php\/wp-json\/wp\/v2\/product_cat?post=1524"},{"taxonomy":"product_tag","embeddable":true,"href":"https:\/\/rentalmet.pl\/index.php\/wp-json\/wp\/v2\/product_tag?post=1524"}],"curies":[{"name":"wp","href":"https:\/\/api.w.org\/{rel}","templated":true}]}}