{"id":1522,"date":"2022-08-25T10:52:19","date_gmt":"2022-08-25T10:52:19","guid":{"rendered":"https:\/\/rentalmet.pl\/?post_type=product&#038;p=1522"},"modified":"2022-08-29T12:15:08","modified_gmt":"2022-08-29T12:15:08","slug":"master-nagrzewnica-olejowa-b-180-bez-odprowadzania-spalin-48kw","status":"publish","type":"product","link":"https:\/\/rentalmet.pl\/index.php\/produkt\/master-nagrzewnica-olejowa-b-180-bez-odprowadzania-spalin-48kw\/","title":{"rendered":"MASTER NAGRZEWNICA OLEJOWA B 180 BEZ ODPROWADZANIA SPALIN 48Kw"},"content":{"rendered":"<p><span style=\"font-size: medium;\">Niezwykle wa\u017cn\u0105 cech\u0105 nagrzewnicy jest to, \u017ce nie wymaga ona jakiejkolwiek instalacji, co sprawia, \u017ce z urz\u0105dzenia mo\u017cna korzysta\u0107 zaraz po jego uruchomieniu.<\/p>\n<p>Producent nagrzewnicy olejowej wprowadzi\u0142 na rynek now\u0105 wersj\u0119 urz\u0105dzenia, kt\u00f3ra posiada wiele udogodnie\u0144 oraz usprawnie\u0144 w stosunku do wcze\u015bniejszej wersji maszyny. Zalicza si\u0119 do nich mi\u0119dzy innymi nowy system zap\u0142onu, dzi\u0119ki czemu stabilno\u015b\u0107 zap\u0142onu zdecydowanie poprawi\u0142a si\u0119. Ponadto zamontowano nowy filtr powietrza przy wlewie, now\u0105 kontrolk\u0119 p\u0142omienia, nowy wlew paliwa, a tak\u017ce sterownik wych\u0142odzenia kt\u00f3ry sprawia, \u017ce wentylator dzia\u0142a jeszcze przez 60s. od momentu wy\u0142\u0105czenia nagrzewnicy.<\/p>\n<p>W nagrzewnicy Master serii <\/span><span style=\"font-size: medium;\">B 180<\/span><span style=\"font-size: medium;\"> zastosowano pomp\u0119 paliwow\u0105 Danfoss BFA z elementami filtruj\u0105cymi, palnik Danfoss 1,00 GPH &#8211; 80\u00b0 S.<\/p>\n<p>Nagrzewnica powietrza Master <\/span><span style=\"font-size: medium;\">B 180<\/span><span style=\"font-size: medium;\"> sprawdzi si\u0119 w ka\u017cdych warunkach poniewa\u017c jej budowa pozwala na prac\u0119 w trudnych warunkach, tj wilgo\u0107, wysoka temperatura dzi\u0119ki mocnej i wytrzyma\u0142ej konstrukcji, trwa\u0142ym wyko\u0144czeniu zewn\u0119trznym oraz nienagrzewaj\u0105cej si\u0119 obudowie.<\/p>\n<p><\/span><span style=\"font-size: medium;\">Specyfikacja techniczna:<\/span><\/p>\n<ul>\n<li><span style=\"font-size: medium;\">Wydajno\u015b\u0107: <\/span><span style=\"font-size: medium;\">48<\/span><span style=\"font-size: medium;\">\u00a0<\/span><span style=\"font-size: medium;\">kW<\/span><\/li>\n<li><span style=\"font-size: medium;\">Wydajno\u015b\u0107: <\/span><span style=\"font-size: medium;\">165 000 Btu\/h<\/span><\/li>\n<li><span style=\"font-size: medium;\">Wydajno\u015b\u0107: <\/span><span style=\"font-size: medium;\">41 200 Kcal\/h<\/span><\/li>\n<li><span style=\"font-size: medium;\">Przep\u0142yw powietrza:\u00a0<\/span><span style=\"font-size: medium;\">1550 m3\/h<\/span><\/li>\n<li><span style=\"font-size: medium;\">Zu\u017cycie oleju opa\u0142owego:\u00a0<\/span><span style=\"font-size: medium;\">3,8 kg\/h<\/span><\/li>\n<li><span style=\"font-size: medium;\">Pr\u0105d znamionowy: <\/span><span style=\"font-size: medium;\">1,5 A<\/span><\/li>\n<li><span style=\"font-size: medium;\">Zasilanie: <\/span><span style=\"font-size: medium;\">230\/50 V\/Hz<\/span><\/li>\n<li><span style=\"font-size: medium;\">Moc elektryczna: <\/span><span style=\"font-size: medium;\">0,3 kW<\/span><\/li>\n<li><span style=\"font-size: medium;\">Pojemno\u015b\u0107 zbiornika paliwa:\u00a0<\/span><span style=\"font-size: medium;\">36 l<\/span><\/li>\n<li><span style=\"font-size: medium;\">Czas pracy na pe\u0142nym zbiorniku: <\/span><span style=\"font-size: medium;\">8 h<\/span><\/li>\n<li><span style=\"font-size: medium;\">Regulacja termostatem: mo\u017cliwa\u00a0<\/span><\/li>\n<li><span style=\"font-size: medium;\">Waga netto: <\/span><span style=\"font-size: medium;\">30 kg<\/span><\/li>\n<li><span style=\"font-size: medium;\">Waga brutto:<\/span><span style=\"font-size: medium;\"> 34 kg<\/span><\/li>\n<li><span style=\"font-size: medium;\">Wymiary: <\/span><span style=\"font-size: medium;\">1200 x 400 x 530 mm<\/span><\/li>\n<\/ul>\n<p><span style=\"font-size: medium;\">Cechy szczeg\u00f3lne: <\/span><\/p>\n<ul>\n<li><span style=\"font-size: medium;\">Termostat przegrzania<\/span><\/li>\n<li><span style=\"font-size: medium;\">Wysokiej jako\u015bci pompa paliwa<\/span><\/li>\n<li><span style=\"font-size: medium;\">Wych\u0142odzenie urz\u0105dzenia po wy\u0142\u0105czeniu<\/span><\/li>\n<li><span style=\"font-size: medium;\">Przezroczysty, zewn\u0119trzny filtr paliwa<\/span><\/li>\n<li><span style=\"font-size: medium;\">Mo\u017cliwo\u015b\u0107 pod\u0142\u0105czenia podgrzewacza paliwa<\/span><\/li>\n<li><span style=\"font-size: medium;\">Du\u017cy przep\u0142yw powietrza<\/span><\/li>\n<li><span style=\"font-size: medium;\">Mo\u017cliwo\u015b\u0107 pod\u0142\u0105czenia termostatu pomieszczeniowego<\/span><\/li>\n<li><span style=\"font-size: medium;\">Trzy filtry oleju: filtr w pompie paliwa, filtr ssania<\/span><\/li>\n<li><span style=\"font-size: medium;\">oraz filtr na wlewie<\/span><\/li>\n<li><span style=\"font-size: medium;\">Silnik z zabezpieczeniem termicznym<\/span><\/li>\n<li><span style=\"font-size: medium;\">Elektroniczna kontrolka p\u0142omienia z fotokom\u00f3rk\u0105<\/span><\/li>\n<li><span style=\"font-size: medium;\">Komora spalania wykonana ze stali nierdzewnej<\/span><\/li>\n<li><span style=\"font-size: medium;\">Zbiornik ze wska\u017anikiem poziomu oleju<\/span><\/li>\n<li><span style=\"font-size: medium;\">Zestaw k\u00f3\u0142 w standardzie<\/span><\/li>\n<li><span style=\"font-size: medium;\">\u0141atwa konserwacja dzi\u0119ki zastosowaniu pompy zewn\u0119trznej<\/span><\/li>\n<li><span style=\"font-size: medium;\">Mocna i wytrzyma\u0142a konstrukcja<\/span><\/li>\n<\/ul>\n","protected":false},"excerpt":{"rendered":"<p><span style=\"font-size: medium;\">Profesjonalna, przeno\u015bna nagrzewnica olejowa model Master z serii <\/span><span style=\"font-size: medium;\">B 180<\/span><span style=\"font-size: medium;\"> bez odprowadzenia spalin, a tak\u017ce bez wra\u017cliwej p\u0142ytki elektronicznej to niezwykle efektywne urz\u0105dzenie, dzi\u0119ki kt\u00f3remu w \u0142atwy spos\u00f3b mo\u017cna zapewni\u0107 sta\u0142y dost\u0119p du\u017cych ilo\u015bci gor\u0105cego powietrza, tam gdzie ono jest potrzebne.<\/span><\/p>\n","protected":false},"featured_media":1523,"template":"","meta":[],"product_cat":[37],"product_tag":[],"_links":{"self":[{"href":"https:\/\/rentalmet.pl\/index.php\/wp-json\/wp\/v2\/product\/1522"}],"collection":[{"href":"https:\/\/rentalmet.pl\/index.php\/wp-json\/wp\/v2\/product"}],"about":[{"href":"https:\/\/rentalmet.pl\/index.php\/wp-json\/wp\/v2\/types\/product"}],"wp:featuredmedia":[{"embeddable":true,"href":"https:\/\/rentalmet.pl\/index.php\/wp-json\/wp\/v2\/media\/1523"}],"wp:attachment":[{"href":"https:\/\/rentalmet.pl\/index.php\/wp-json\/wp\/v2\/media?parent=1522"}],"wp:term":[{"taxonomy":"product_cat","embeddable":true,"href":"https:\/\/rentalmet.pl\/index.php\/wp-json\/wp\/v2\/product_cat?post=1522"},{"taxonomy":"product_tag","embeddable":true,"href":"https:\/\/rentalmet.pl\/index.php\/wp-json\/wp\/v2\/product_tag?post=1522"}],"curies":[{"name":"wp","href":"https:\/\/api.w.org\/{rel}","templated":true}]}}