{"id":1520,"date":"2022-08-25T10:50:48","date_gmt":"2022-08-25T10:50:48","guid":{"rendered":"https:\/\/rentalmet.pl\/?post_type=product&#038;p=1520"},"modified":"2022-08-29T12:14:59","modified_gmt":"2022-08-29T12:14:59","slug":"master-nagrzewnica-olejowa-b95cel-bez-odprowadzania-spalin-29kw","status":"publish","type":"product","link":"https:\/\/rentalmet.pl\/index.php\/produkt\/master-nagrzewnica-olejowa-b95cel-bez-odprowadzania-spalin-29kw\/","title":{"rendered":"MASTER NAGRZEWNICA OLEJOWA B95CEL BEZ ODPROWADZANIA SPALIN 29Kw"},"content":{"rendered":"<p><span style=\"font-size: medium;\">SPRAWNO\u015a\u0106 CIEPLNA nagrzewnice powietrza serii B osi\u0105gaj\u0105 100% sprawno\u015bci, poniewa\u017c ca\u0142kowite ciep\u0142o pochodz\u0105ce ze spalania oleju jest dostarczane do pomieszczenia ogrzewanego. WYSOKA WYDAJNO\u015a\u0106 URZ\u0104DZE\u0143 wentylator umieszczony z ty\u0142u nagrzewnicy pcha powietrze wok\u00f3\u0142 komory spalania zapewniaj\u0105c jego natychmiastowe ogrzanie. \u0141ATWO\u015a\u0106 OBS\u0141UGI model B posiada zwart\u0105 konstrukcj\u0119 . Panel sterowniczy jest niezwykle prosty w obs\u0142udze. Umiejscowienie wlewu paliwa umo\u017cliwia wygodne nape\u0142nianie zbiornika.<br \/>\n<\/span><\/p>\n<p><span style=\"font-size: medium;\">zalety i funkcje urz\u0105dzenia:<\/span><\/p>\n<ul>\n<li><span style=\"font-size: medium;\"> urz\u0105dzenie przeno\u015bne<br \/>\n<\/span><\/li>\n<li><span style=\"font-size: medium;\">prawie 100% efektywno\u015b\u0107<br \/>\n<\/span><\/li>\n<li><span style=\"font-size: medium;\">wygodna obs\u0142uga i konserwacja<br \/>\n<\/span><\/li>\n<li><span style=\"font-size: medium;\">obudowa nie nagrzewa si\u0119 podczas pracy<br \/>\n<\/span><\/li>\n<li><span style=\"font-size: medium;\">automatyczne sterowanie za pomoc\u0105 termostatu (opcja)<br \/>\n<\/span><\/li>\n<li><span style=\"font-size: medium;\">du\u017cy przep\u0142yw powietrza<br \/>\n<\/span><\/li>\n<li><span style=\"font-size: medium;\">wbudowany termostat przegrzania<br \/>\n<\/span><\/li>\n<li><span style=\"font-size: medium;\">wbudowany wy\u0142\u0105cznik fotokom\u00f3rkowy<\/span><\/li>\n<\/ul>\n<p><span style=\"font-size: medium;\">Parametry techniczne: Wydajno\u015b\u0107: 29 kW 100.000 Btu\/h 25.000 Kcal\/h Przep\u0142yw powietrza: 800 m\u00b3\/h zu\u017cycie paliwa: 2,45 kg\/h Paliwo: olej opa\u0142owy\/nap\u0119dowy Pojemno\u015b\u0107 zbiornika: 43 l Temperatura wydmuchu: 250 \u00b0C Moc silnika: 0,19 kW Typ pr\u0105du: zmienny Napi\u0119cie: 230\/50 V\/Hz Wymiary DxSzxW: 102x46x48 cm Waga netto (brutto): 25 (28) kg Wy\u0142\u0105cznik fotokom\u00f3rkowy: standard Regulacja termostatem: mo\u017cliwa zu\u017cycie energii: 2 A Model CEL \u017barnik zalety nagrzewnicy: <\/span><\/p>\n<ul>\n<li><span style=\"font-size: medium;\">urz\u0105dzenie przeno\u015bne <\/span><\/li>\n<li><span style=\"font-size: medium;\">prawie 100% efektywno\u015b\u0107 <\/span><\/li>\n<li><span style=\"font-size: medium;\">wygodna obs\u0142uga i konserwacja <\/span><\/li>\n<li><span style=\"font-size: medium;\">obudowa nie nagrzewa si\u0119 podczas pracy <\/span><\/li>\n<li><span style=\"font-size: medium;\">automatyczne sterowanie za pomoc\u0105 termostatu <\/span><\/li>\n<li><span style=\"font-size: medium;\">du\u017cy przep\u0142yw powietrza <\/span><\/li>\n<li><span style=\"font-size: medium;\">wbudowany termostat przegrzania <\/span><\/li>\n<li><span style=\"font-size: medium;\">wbudowany wy\u0142\u0105cznik fotokom\u00f3rkowy <\/span><\/li>\n<\/ul>\n","protected":false},"excerpt":{"rendered":"<p><span style=\"font-size: medium;\">Moc 29 kW 800m3\/h<br \/>\nPrzeno\u015bna nagrzewnica powietrza bez odprowadzania spalin. Wyj\u0105tkowa wydajno\u015b\u0107 &#8211; niewielkie rozmiary. Nagrzewnica zapewnia natychmiastowe ogrzewanie wsz\u0119dzie tam, gdzie potrzebujesz tego najbardziej. Nie wymaga jakiejkolwiek instalacji. zwarta obudowa, niewielkie rozmiary, trwa\u0142a konstrukcja zapewniaj\u0105 \u0142atwo\u015b\u0107 transportu i wygodne oraz bezpieczne u\u017cytkowanie. Istnieje r\u00f3wnie\u017c mo\u017cliwo\u015b\u0107 wsp\u00f3\u0142pracy z termostatem. Nagrzewnica powietrza ma niezwykle szerokie zastosowanie w fabrykach, magazynach, halach sportowych, rampach za\u0142adunkowych, obiektach rolnych, gara\u017cach, na budowach (ogrzewanie i suszenie) oraz wsz\u0119dzie tam, gdzie punktowe \u017ar\u00f3d\u0142o ciep\u0142a jest potrzebne natychmiast. Nagrzewnice s\u0105 wykonane niezwykle solidnie, zapewniaj\u0105c wysok\u0105 jako\u015b\u0107 i trwa\u0142o\u015b\u0107 w najtrudniejszych warunkach pracy. Rozwi\u0105zania techniczne (kontrola p\u0142omienia) gwarantuj\u0105 wysokie bezpiecze\u0144stwo u\u017cytkowania. .<\/span><\/p>\n","protected":false},"featured_media":1521,"template":"","meta":[],"product_cat":[37],"product_tag":[],"_links":{"self":[{"href":"https:\/\/rentalmet.pl\/index.php\/wp-json\/wp\/v2\/product\/1520"}],"collection":[{"href":"https:\/\/rentalmet.pl\/index.php\/wp-json\/wp\/v2\/product"}],"about":[{"href":"https:\/\/rentalmet.pl\/index.php\/wp-json\/wp\/v2\/types\/product"}],"wp:featuredmedia":[{"embeddable":true,"href":"https:\/\/rentalmet.pl\/index.php\/wp-json\/wp\/v2\/media\/1521"}],"wp:attachment":[{"href":"https:\/\/rentalmet.pl\/index.php\/wp-json\/wp\/v2\/media?parent=1520"}],"wp:term":[{"taxonomy":"product_cat","embeddable":true,"href":"https:\/\/rentalmet.pl\/index.php\/wp-json\/wp\/v2\/product_cat?post=1520"},{"taxonomy":"product_tag","embeddable":true,"href":"https:\/\/rentalmet.pl\/index.php\/wp-json\/wp\/v2\/product_tag?post=1520"}],"curies":[{"name":"wp","href":"https:\/\/api.w.org\/{rel}","templated":true}]}}