{"id":1512,"date":"2022-08-25T09:34:53","date_gmt":"2022-08-25T09:34:53","guid":{"rendered":"https:\/\/rentalmet.pl\/?post_type=product&#038;p=1512"},"modified":"2022-08-29T12:14:03","modified_gmt":"2022-08-29T12:14:03","slug":"makita-vc4210m-odkurzacz-przemyslowy-klasa-m-1200w-42-litry","status":"publish","type":"product","link":"https:\/\/rentalmet.pl\/index.php\/produkt\/makita-vc4210m-odkurzacz-przemyslowy-klasa-m-1200w-42-litry\/","title":{"rendered":"MAKITA VC4210M odkurzacz przemys\u0142owy klasa M 1200W 42 litry"},"content":{"rendered":"<p><span style=\"font-size: medium;\"><b>W\u0141A\u015aCIWO\u015aCI<\/b><\/span><\/p>\n<ul>\n<li><span style=\"font-size: medium;\">Klasa filtracji py\u0142\u00f3w &#8222;M&#8221;<\/span><\/li>\n<li><span style=\"font-size: medium;\">Odkurzacz przemys\u0142owy maj\u0105cy zastosowanie zar\u00f3wno w przemy\u015ble (np. zak\u0142adach przemys\u0142owych, budowach warsztatach) jak i w u\u017cytku komercyjnym (np. hotele, szko\u0142y, biura)<\/span><\/li>\n<li><span style=\"font-size: medium;\">P\u0142ynna regulacja si\u0142y zasysania pokr\u0119t\u0142em umo\u017cliwia odpowiedni dob\u00f3r si\u0142y zasysania do konkretnej pracy<\/span><\/li>\n<li><span style=\"font-size: medium;\">Przeznaczony do pracy na sucho i na mokro<\/span><\/li>\n<li><span style=\"font-size: medium;\">Funkcja AutoClean &#8211; automatyczne otrz\u0105sanie filtra w celu zapewnienia sta\u0142ej jak najlepszej wydajno\u015bci urz\u0105dzenia<\/span><\/li>\n<li><span style=\"font-size: medium;\">P\u0142aska pokrywa silnika z zapi\u0119ciami umo\u017cliwia przypi\u0119cie walizki systemowej MAKPAC lub od\u0142o\u017cenie elektronarz\u0119dzia<\/span><\/li>\n<\/ul>\n<p><span style=\"font-size: medium;\"><b>DANE TECHNICZNE<\/b><\/span><\/p>\n<ul>\n<li><span style=\"font-size: medium;\">Zasilanie: <\/span>\n<ul>\n<li><span style=\"font-size: medium;\">Rodzaj zasilania: elektryczne<\/span><\/li>\n<li><span style=\"font-size: medium;\">Napi\u0119cie: 220 &#8211; 240 V<\/span><\/li>\n<li><span style=\"font-size: medium;\">Cz\u0119stotliwo\u015b\u0107: 50 &#8211; 60 Hz<br \/>\n<\/span><\/li>\n<\/ul>\n<\/li>\n<li><span style=\"font-size: medium;\">Moc znamionowa: 1200 W<\/span><\/li>\n<li><span style=\"font-size: medium;\">Moc odbioru dla gniazda wtykowego urz\u0105dzenia: <\/span>\n<ul>\n<li><span style=\"font-size: medium;\">Przy bezpieczniku 16A: 2400 W <\/span>\n<ul>\n<li><span style=\"font-size: medium;\">Moc pobierana: 3600 W<\/span><\/li>\n<\/ul>\n<\/li>\n<li><span style=\"font-size: medium;\">Przy bezpieczniku 10A: 1100 W <\/span>\n<ul>\n<li><span style=\"font-size: medium;\">Moc pobierana: 2300 W<\/span><\/li>\n<\/ul>\n<\/li>\n<\/ul>\n<\/li>\n<li><span style=\"font-size: medium;\">Pojemno\u015b\u0107 zbiornika: 42 l <\/span>\n<ul>\n<li><span style=\"font-size: medium;\">Maksymalna: 42 l<\/span><\/li>\n<li><span style=\"font-size: medium;\">Py\u0142: 34 l<\/span><\/li>\n<li><span style=\"font-size: medium;\">Ciecz: 30 l<\/span><\/li>\n<\/ul>\n<\/li>\n<li><span style=\"font-size: medium;\">Maksymalny przep\u0142yw powietrza: 4500 l\/min (270 m3\/h)<\/span><\/li>\n<li><span style=\"font-size: medium;\">Maksymalne podci\u015bnienie: 250 mbar (250 hPa \/ 25 kPa)<\/span><\/li>\n<li><span style=\"font-size: medium;\">Klasa py\u0142u: M<\/span><\/li>\n<li><span style=\"font-size: medium;\">Przew\u00f3d zasilaj\u0105cy: <\/span>\n<ul>\n<li><span style=\"font-size: medium;\">D\u0142ugo\u015b\u0107: 7.5 m<\/span><\/li>\n<li><span style=\"font-size: medium;\">Oznaczenie: H07RN-F-3G1.5<\/span><\/li>\n<\/ul>\n<\/li>\n<li><span style=\"font-size: medium;\">Klasa ochrony: I<\/span><\/li>\n<li><span style=\"font-size: medium;\">Rodzaj ochrony: IPX4<\/span><\/li>\n<li><span style=\"font-size: medium;\">Stopie\u0144 odk\u0142\u00f3cania: EN 55014-1<\/span><\/li>\n<li><span style=\"font-size: medium;\">Wymiary (D x S x W): 575 mm x 385 mm x 605 mm<\/span><\/li>\n<li><span style=\"font-size: medium;\">Waga (EPTA): 16 kg<\/span><\/li>\n<li><span style=\"font-size: medium;\">Ha\u0142as i wibracje: <\/span>\n<ul>\n<li><span style=\"font-size: medium;\">B\u0142\u0105d poziomu ci\u015bnienia akustycznego: 3 dB(A)<\/span><\/li>\n<li><span style=\"font-size: medium;\">B\u0142\u0105d poziomu nat\u0119\u017cenia mocy akustycznej: 3 dB(A)<\/span><\/li>\n<li><span style=\"font-size: medium;\">B\u0142\u0105d poziomu wibracji: 1.5 m\/s2<\/span><\/li>\n<li><span style=\"font-size: medium;\">Poziom ci\u015bnienia akustycznego: 60 dB(A)<\/span><\/li>\n<li><span style=\"font-size: medium;\">Poziom mocy akustycznej: 62\u00a0dB(A)<\/span><\/li>\n<li><span style=\"font-size: medium;\">Poziom wibracji: poni\u017cej 2.5 m\/s2<\/span><\/li>\n<\/ul>\n<\/li>\n<li><\/li>\n<\/ul>\n","protected":false},"excerpt":{"rendered":"<p><span style=\"font-size: medium;\">Odkurzacz przemys\u0142owy do pracy na mokro i na sucho o mocy 1200W. Przeznaczony do zastosowania zar\u00f3wno w przemy\u015ble, jak i w u\u017cytku komercyjnym. Klasa filtracji py\u0142\u00f3w &#8222;M&#8221;. 42-litrowy pojemnik z tworzywa sztucznego. P\u0142ynna regulacja si\u0142y zasysania pokr\u0119t\u0142em umo\u017cliwia odpowiedni dob\u00f3r si\u0142y zasysania do konkretnej pracy. Funkcja AutoClean &#8211; automatyczne otrz\u0105sanie filtra w celu zapewnienia sta\u0142ej jak najlepszej wydajno\u015bci urz\u0105dzenia. P\u0142aska pokrywa silnika z zapi\u0119ciami umo\u017cliwia przypi\u0119cie walizki systemowej MAKPAC lub od\u0142o\u017cenie elektronarz\u0119dzia.<\/span><\/p>\n","protected":false},"featured_media":1513,"template":"","meta":[],"product_cat":[35],"product_tag":[],"_links":{"self":[{"href":"https:\/\/rentalmet.pl\/index.php\/wp-json\/wp\/v2\/product\/1512"}],"collection":[{"href":"https:\/\/rentalmet.pl\/index.php\/wp-json\/wp\/v2\/product"}],"about":[{"href":"https:\/\/rentalmet.pl\/index.php\/wp-json\/wp\/v2\/types\/product"}],"wp:featuredmedia":[{"embeddable":true,"href":"https:\/\/rentalmet.pl\/index.php\/wp-json\/wp\/v2\/media\/1513"}],"wp:attachment":[{"href":"https:\/\/rentalmet.pl\/index.php\/wp-json\/wp\/v2\/media?parent=1512"}],"wp:term":[{"taxonomy":"product_cat","embeddable":true,"href":"https:\/\/rentalmet.pl\/index.php\/wp-json\/wp\/v2\/product_cat?post=1512"},{"taxonomy":"product_tag","embeddable":true,"href":"https:\/\/rentalmet.pl\/index.php\/wp-json\/wp\/v2\/product_tag?post=1512"}],"curies":[{"name":"wp","href":"https:\/\/api.w.org\/{rel}","templated":true}]}}