{"id":1510,"date":"2022-08-25T09:30:00","date_gmt":"2022-08-25T09:30:00","guid":{"rendered":"https:\/\/rentalmet.pl\/?post_type=product&#038;p=1510"},"modified":"2022-08-30T12:02:34","modified_gmt":"2022-08-30T12:02:34","slug":"makita-hm1203c-udarowy-mlot-do-kucia-i-wyburzania-sds-max-1510w-191-j","status":"publish","type":"product","link":"https:\/\/rentalmet.pl\/index.php\/produkt\/makita-hm1203c-udarowy-mlot-do-kucia-i-wyburzania-sds-max-1510w-191-j\/","title":{"rendered":"MAKITA HM1203C udarowy m\u0142ot do kucia i wyburzania SDS-MAX 1510W 19,1 J"},"content":{"rendered":"<p><span style=\"font-size: medium;\">DANE TECHNICZNE<\/span><\/p>\n<ul>\n<li><span style=\"font-size: medium;\">Pob\u00f3r mocy 1510 W<\/span><\/li>\n<li><span style=\"font-size: medium;\">Pr\u0119dko\u015b\u0107 obr. bez obci\u0105\u017cenia 950-1.900 obr\/min<\/span><\/li>\n<li><span style=\"font-size: medium;\">Si\u0142a udaru (EPTA) 19,1J<\/span><\/li>\n<li><span style=\"font-size: medium;\">Uchwyt narz\u0119dziowy typu: SDS-MAX<\/span><\/li>\n<li><span style=\"font-size: medium;\">Wymiary (d\u0142ugo\u015b\u0107 ca\u0142kowita): 576 mm<\/span><\/li>\n<li><span style=\"font-size: medium;\">Waga (EPTA): 9,7 kg<\/span><\/li>\n<li><span style=\"font-size: medium;\">Rodzaj udaru: elektropneumatyczny <\/span><\/li>\n<\/ul>\n","protected":false},"excerpt":{"rendered":"<p><span style=\"font-size: medium;\">W\u0141A\u015aCIWO\u015aCI<\/span><\/p>\n<ul>\n<li><span style=\"font-size: medium;\">Praca przy niskim poziomie drga\u0144 i nadzwyczaj du\u017cej energii uderzenia \u2013 19,1J<\/span><\/li>\n<li><span style=\"font-size: medium;\">\u015alizgowy uchwyt SDS-MAX pozwala na \u0142atw\u0105 wymian\u0119 narz\u0119dzia<\/span><\/li>\n<li><span style=\"font-size: medium;\">Obni\u017cone obroty na biegu ja\u0142owym zapewniaj\u0105 dok\u0142adne przy\u0142o\u017cenie i rozpocz\u0119cie pracy<\/span><\/li>\n<li><span style=\"font-size: medium;\">Przecinak przestawiany w 12 pozycjach<\/span><\/li>\n<li><span style=\"font-size: medium;\">D\u0142u\u017csze szczotki w\u0119glowe zapewniaj\u0105 d\u0142u\u017cszy okres u\u017cytkowania<\/span><\/li>\n<li><span style=\"font-size: medium;\">Uchwyt boczny pa\u0142\u0105kowy obracany o 360\u00ba ( 8 r\u00f3\u017cnych ustawie\u0144 prz\u00f3d\/ty\u0142)<\/span><\/li>\n<li><span style=\"font-size: medium;\">Lampka sygnalizacyjna wskazuj\u0105ca uszkodzenie wy\u0142\u0105cznika i przewodu<\/span><\/li>\n<li><span style=\"font-size: medium;\">Szczotki samoczynnie wy\u0142\u0105czaj\u0105ce si\u0119<\/span><\/li>\n<\/ul>\n","protected":false},"featured_media":1511,"template":"","meta":[],"product_cat":[32],"product_tag":[],"_links":{"self":[{"href":"https:\/\/rentalmet.pl\/index.php\/wp-json\/wp\/v2\/product\/1510"}],"collection":[{"href":"https:\/\/rentalmet.pl\/index.php\/wp-json\/wp\/v2\/product"}],"about":[{"href":"https:\/\/rentalmet.pl\/index.php\/wp-json\/wp\/v2\/types\/product"}],"wp:featuredmedia":[{"embeddable":true,"href":"https:\/\/rentalmet.pl\/index.php\/wp-json\/wp\/v2\/media\/1511"}],"wp:attachment":[{"href":"https:\/\/rentalmet.pl\/index.php\/wp-json\/wp\/v2\/media?parent=1510"}],"wp:term":[{"taxonomy":"product_cat","embeddable":true,"href":"https:\/\/rentalmet.pl\/index.php\/wp-json\/wp\/v2\/product_cat?post=1510"},{"taxonomy":"product_tag","embeddable":true,"href":"https:\/\/rentalmet.pl\/index.php\/wp-json\/wp\/v2\/product_tag?post=1510"}],"curies":[{"name":"wp","href":"https:\/\/api.w.org\/{rel}","templated":true}]}}