{"id":1508,"date":"2022-08-25T09:28:26","date_gmt":"2022-08-25T09:28:26","guid":{"rendered":"https:\/\/rentalmet.pl\/?post_type=product&#038;p=1508"},"modified":"2022-08-30T12:05:03","modified_gmt":"2022-08-30T12:05:03","slug":"makita-hm1812-wyburzeniowy-mlot-udarowy-728j-286mm","status":"publish","type":"product","link":"https:\/\/rentalmet.pl\/index.php\/produkt\/makita-hm1812-wyburzeniowy-mlot-udarowy-728j-286mm\/","title":{"rendered":"MAKITA HM1812 wyburzeniowy m\u0142ot udarowy 72,8J 28,6mm"},"content":{"rendered":"<p><span style=\"font-size: medium;\">W\u0141A\u015aCIWO\u015aCI<\/span><\/p>\n<ul>\n<li><span style=\"font-size: medium;\">Energia udaru zwi\u0119kszona o 60% w por\u00f3wnaniu do poprzedniego modelu<\/span><\/li>\n<li><span style=\"font-size: medium;\">Redukcji drga\u0144 o 70% dzi\u0119ki technologii Advanced AVT &#8211; sta\u0142e gumowe uchwyty, obudowa ze spr\u0119\u017cynowym uchwytem, kt\u00f3ra porusza si\u0119 niezale\u017cnie od silnika i mechanizmu m\u0142otkowego, mechanizm przeciwwagi oraz obudowa poch\u0142aniaj\u0105ca wibracje<\/span><\/li>\n<li><span style=\"font-size: medium;\">Technologia Soft No Load &#8211; w\u0142\u0105czenie maszyny na biegu ja\u0142owym bez obci\u0105\u017cenia powoduje obni\u017cenie obrot\u00f3w oraz wibracji<\/span><\/li>\n<li><span style=\"font-size: medium;\">6 &#8211; pozycyjne ustawienie narz\u0119dzia (ustawienie mo\u017cliwe w serwisie)<\/span><\/li>\n<li><span style=\"font-size: medium;\">Do zdzierania nawierzchni ulic, fundament\u00f3w i kruszenia blok\u00f3w betonowych<\/span><\/li>\n<li><span style=\"font-size: medium;\">Uniwersalny uchwyt sze\u015bciok\u0105tny 1 1\/8&#8243; (28,6 mm) dla narz\u0119dzi wk\u0142adanych z wpustem pod blokad\u0119 lub pier\u015bcieniem oporowym<\/span><\/li>\n<li><span style=\"font-size: medium;\">Mi\u0119kki start do t\u0142umienia reakcji rozruchu<\/span><\/li>\n<li><span style=\"font-size: medium;\">Mi\u0119kki uchwyt zapewnia wi\u0119ksz\u0105 kontrol\u0119 i mniejsze zm\u0119czenie d\u0142oni<\/span><\/li>\n<li><span style=\"font-size: medium;\">Lampka sygnalizacyjna wskazuj\u0105ca uszkodzenia wy\u0142\u0105cznika lub przewodu<\/span><\/li>\n<li><span style=\"font-size: medium;\">Uchwyt do zawieszenia przedowu na obudowie urz\u0105dzenia z dala od obszaru roboczego<\/span><\/li>\n<li><span style=\"font-size: medium;\">Szczotki w\u0119glowe samowy\u0142\u0105czaj\u0105ce si\u0119<\/span><\/li>\n<li><span style=\"font-size: medium;\">Dodatkowy uchwyt w obudowie z obu stron u\u0142atwia podnoszenie narz\u0119dzia<\/span><\/li>\n<li><span style=\"font-size: medium;\">D\u0142ugi czterometrowy przew\u00f3d zasilaj\u0105cy<\/span><\/li>\n<\/ul>\n<p><span style=\"font-size: medium;\"><br \/>\n<\/span><span style=\"font-size: medium;\">DANE TECHNICZNE<\/span><\/p>\n<ul>\n<li><span style=\"font-size: medium;\">Zasilanie:<\/span>\n<ul>\n<li><span style=\"font-size: medium;\">Napi\u0119cie: 230 V &#8211; 240 V<\/span><\/li>\n<li><span style=\"font-size: medium;\">Pr\u0105d: 8.8 A<\/span><\/li>\n<li><span style=\"font-size: medium;\">Cz\u0119stotliwo\u015b\u0107: 50 Hz &#8211; 60 Hz<\/span><\/li>\n<\/ul>\n<\/li>\n<li><span style=\"font-size: medium;\">Moc znamionowa: 2000 W<\/span><\/li>\n<li><span style=\"font-size: medium;\">Energia pojedynczego uderzenia (wg EPTA 05\/2009): 72.8 J<\/span><\/li>\n<li><span style=\"font-size: medium;\">Cz\u0119stotliwo\u015b\u0107 udar\u00f3w na biegu ja\u0142owym: 870 ud\/min<\/span><\/li>\n<li><span style=\"font-size: medium;\">Typ uchwytu narz\u0119dziowego: sze\u015bciok\u0105tny 28.6 mm<\/span><\/li>\n<li><span style=\"font-size: medium;\">Dlugo\u015b\u0107 przewodu: 4 m<\/span><\/li>\n<li><span style=\"font-size: medium;\">Wymiary (D x S x W): 843 mm x 210 mm x 608 mm<\/span><\/li>\n<li><span style=\"font-size: medium;\">Waga: 31.3 kg<\/span><\/li>\n<\/ul>\n<p><strong><span style=\"font-size: medium;\">Ha\u0142as i wibracje:<\/span><\/strong><\/p>\n<ul>\n<li><span style=\"font-size: medium;\">B\u0142\u0105d poziomu ci\u015bnienia akustycznego: 3 dB(A)<\/span><\/li>\n<li><span style=\"font-size: medium;\">B\u0142\u0105d poziomu nat\u0119\u017cenia mocy akustycznej: 3 dB(A)<\/span><\/li>\n<li><span style=\"font-size: medium;\">B\u0142\u0105d poziomu wibracji: 1.5 m\/s2<\/span><\/li>\n<li><span style=\"font-size: medium;\">Poziom ci\u015bnienia akustycznego: 96 dB(A)<\/span><\/li>\n<li><span style=\"font-size: medium;\">Poziom mocy akustycznej: 107 dB(A)<\/span><\/li>\n<li><span style=\"font-size: medium;\">Poziom wibracji przy d\u0142utowaniu: 6.5 m\/s2<\/span><\/li>\n<\/ul>\n","protected":false},"excerpt":{"rendered":"<p><span style=\"font-size: medium;\">M\u0142ot wyburzeniowy udarowy MAKITA HM1812 przeznaczony jest do ci\u0119\u017ckich prac zwi\u0105zanych z kuciem i prac rozbi\u00f3rkowych, jak r\u00f3wnie\u017c do wykonywania przepust\u00f3w i do ubijania przy u\u017cyciu odpowiednich akcesori\u00f3w.<br \/>\n<\/span><\/p>\n","protected":false},"featured_media":1509,"template":"","meta":[],"product_cat":[32],"product_tag":[],"_links":{"self":[{"href":"https:\/\/rentalmet.pl\/index.php\/wp-json\/wp\/v2\/product\/1508"}],"collection":[{"href":"https:\/\/rentalmet.pl\/index.php\/wp-json\/wp\/v2\/product"}],"about":[{"href":"https:\/\/rentalmet.pl\/index.php\/wp-json\/wp\/v2\/types\/product"}],"wp:featuredmedia":[{"embeddable":true,"href":"https:\/\/rentalmet.pl\/index.php\/wp-json\/wp\/v2\/media\/1509"}],"wp:attachment":[{"href":"https:\/\/rentalmet.pl\/index.php\/wp-json\/wp\/v2\/media?parent=1508"}],"wp:term":[{"taxonomy":"product_cat","embeddable":true,"href":"https:\/\/rentalmet.pl\/index.php\/wp-json\/wp\/v2\/product_cat?post=1508"},{"taxonomy":"product_tag","embeddable":true,"href":"https:\/\/rentalmet.pl\/index.php\/wp-json\/wp\/v2\/product_tag?post=1508"}],"curies":[{"name":"wp","href":"https:\/\/api.w.org\/{rel}","templated":true}]}}