{"id":1506,"date":"2022-08-25T09:24:14","date_gmt":"2022-08-25T09:24:14","guid":{"rendered":"https:\/\/rentalmet.pl\/?post_type=product&#038;p=1506"},"modified":"2022-08-30T12:04:51","modified_gmt":"2022-08-30T12:04:51","slug":"makita-hm1512-mlot-udarowy-hex-286mm-48-5j","status":"publish","type":"product","link":"https:\/\/rentalmet.pl\/index.php\/produkt\/makita-hm1512-mlot-udarowy-hex-286mm-48-5j\/","title":{"rendered":"MAKITA HM1512 m\u0142ot udarowy HEX 28,6mm 48.5J"},"content":{"rendered":"<p><span style=\"font-size: medium;\">DANE TECHNICZNE<\/span><\/p>\n<ul>\n<li><span style=\"font-size: medium;\">Zasilanie:<\/span><\/li>\n<li><span style=\"font-size: medium;\">Rodzaj zasilania: elektryczne<\/span><\/li>\n<li><span style=\"font-size: medium;\">Napi\u0119cie: 230 &#8211; 240 V<\/span><\/li>\n<li><span style=\"font-size: medium;\">Cz\u0119stotliwo\u015b\u0107: 50 &#8211; 60 Hz<\/span><\/li>\n<li><span style=\"font-size: medium;\">Pr\u0105d: 8.2 A<\/span><\/li>\n<li><span style=\"font-size: medium;\">Moc znamionowa: 1850 W<\/span><\/li>\n<li><span style=\"font-size: medium;\">Cz\u0119stotliwo\u015b\u0107 udar\u00f3w na biegu ja\u0142owym: 1300 ud\/min<\/span><\/li>\n<li><span style=\"font-size: medium;\">Energia udaru (EPTA): 48.5 J<\/span><\/li>\n<li><span style=\"font-size: medium;\">Uchwyt narz\u0119dziowy typu: sze\u015bciok\u0105t 28.6 mm (28mm HEX)<\/span><\/li>\n<li><span style=\"font-size: medium;\">Funkcja \u0142agodnych obrot\u00f3w bez obci\u0105\u017cenia: Tak<\/span><\/li>\n<li><span style=\"font-size: medium;\">D\u0142ugo\u015b\u0107 ca\u0142kowita: 809 mm<\/span><\/li>\n<li><span style=\"font-size: medium;\">Wymiary (D x S x W): 809 mm x 130 mm x 266 mm<\/span><\/li>\n<li><span style=\"font-size: medium;\">Waga (EPTA): 30.4 kg<\/span><\/li>\n<li><span style=\"font-size: medium;\">Rodzaj udaru: elektropneumatyczny<\/span><\/li>\n<li><span style=\"font-size: medium;\">Klasa bezpiecze\u0144stwa: II<\/span><\/li>\n<li><span style=\"font-size: medium;\">Waga z opakowaniem: 35 kg<\/span><\/li>\n<\/ul>\n<p><span style=\"font-size: medium;\">HA\u0141AS I WIBRACJE<\/span><\/p>\n<ul>\n<li><span style=\"font-size: medium;\">B\u0142\u0105d poziomu ci\u015bnienia akustycznego: 1.76 dB(A)<\/span><\/li>\n<li><span style=\"font-size: medium;\">B\u0142\u0105d poziomu nat\u0119\u017cenia mocy akustycznej: 3 dB(A)<\/span><\/li>\n<li><span style=\"font-size: medium;\">B\u0142\u0105d poziomu wibracji: 1.5 m\/s2<\/span><\/li>\n<li><span style=\"font-size: medium;\">Poziom ci\u015bnienia akustycznego: 84 dB(A)<\/span><\/li>\n<li><span style=\"font-size: medium;\">Poziom mocy akustycznej: 104 dB(A)<\/span><\/li>\n<li><span style=\"font-size: medium;\">Poziom wibracji przy podkuwaniu: 6.5 m\/s2<\/span><\/li>\n<\/ul>\n","protected":false},"excerpt":{"rendered":"<p><span style=\"font-size: medium;\">W\u0141A\u015aCIWO\u015aCI<\/span><\/p>\n<ul>\n<li><span style=\"font-size: medium;\">Wysoka moc i niski poziom wibracji<\/span><\/li>\n<li><span style=\"font-size: medium;\">Technologia Antywibracyjna AVT<\/span><\/li>\n<li><span style=\"font-size: medium;\">System Soft No Load<\/span><\/li>\n<li><span style=\"font-size: medium;\">R\u0119koje\u015b\u0107 dodatkowa obracana bezstopniowo o 360\u00b0<\/span><\/li>\n<li><span style=\"font-size: medium;\">Szczotki w\u0119glowe z funkcj\u0105 automatycznego od\u0142\u0105czenia<\/span><\/li>\n<li><span style=\"font-size: medium;\">Kontrolka sygnalizacyjna informuj\u0105ca o konieczno\u015bci wymiany szczotek w\u0119glowych<\/span><\/li>\n<li><span style=\"font-size: medium;\">Uchwyt narz\u0119dziowy sze\u015bciok\u0105tny 28,6 mm<\/span><\/li>\n<li><span style=\"font-size: medium;\">W\u0142\u0105cznik \u015blizgowy<\/span><\/li>\n<li><span style=\"font-size: medium;\">Kontrolka sygnalizuj\u0105ca w\u0142\u0105czenie urz\u0105dzenia<\/span><\/li>\n<li><span style=\"font-size: medium;\">Mo\u017cliwo\u015b\u0107 pod\u0142\u0105czenia urz\u0105dzenia odsysaj\u0105cego (opcja)<\/span><\/li>\n<li><span style=\"font-size: medium;\">Dostarczany w walizce z k\u00f3\u0142kami u\u0142atwiaj\u0105cymi transport<\/span><\/li>\n<\/ul>\n","protected":false},"featured_media":1507,"template":"","meta":[],"product_cat":[32],"product_tag":[],"_links":{"self":[{"href":"https:\/\/rentalmet.pl\/index.php\/wp-json\/wp\/v2\/product\/1506"}],"collection":[{"href":"https:\/\/rentalmet.pl\/index.php\/wp-json\/wp\/v2\/product"}],"about":[{"href":"https:\/\/rentalmet.pl\/index.php\/wp-json\/wp\/v2\/types\/product"}],"wp:featuredmedia":[{"embeddable":true,"href":"https:\/\/rentalmet.pl\/index.php\/wp-json\/wp\/v2\/media\/1507"}],"wp:attachment":[{"href":"https:\/\/rentalmet.pl\/index.php\/wp-json\/wp\/v2\/media?parent=1506"}],"wp:term":[{"taxonomy":"product_cat","embeddable":true,"href":"https:\/\/rentalmet.pl\/index.php\/wp-json\/wp\/v2\/product_cat?post=1506"},{"taxonomy":"product_tag","embeddable":true,"href":"https:\/\/rentalmet.pl\/index.php\/wp-json\/wp\/v2\/product_tag?post=1506"}],"curies":[{"name":"wp","href":"https:\/\/api.w.org\/{rel}","templated":true}]}}