{"id":1491,"date":"2022-06-29T22:32:52","date_gmt":"2022-06-29T22:32:52","guid":{"rendered":"https:\/\/rentalmet.pl\/?post_type=product&#038;p=1491"},"modified":"2022-08-29T12:12:45","modified_gmt":"2022-08-29T12:12:45","slug":"przyczepa-dwuosiowa-zaslaw-265t","status":"publish","type":"product","link":"https:\/\/rentalmet.pl\/index.php\/produkt\/przyczepa-dwuosiowa-zaslaw-265t\/","title":{"rendered":"Przyczepa dwuosiowa Zas\u0142aw 265T"},"content":{"rendered":"","protected":false},"excerpt":{"rendered":"<ul>\n<li><strong>Model przyczepy:<\/strong>\u00a0Zas\u0142aw 265T<\/li>\n<li><strong>DMC:<\/strong>\u00a0750kg ( kat. B )<\/li>\n<li><strong>Masa w\u0142asna:<\/strong>\u00a0240kg<\/li>\n<li><strong>\u0141adowno\u015b\u0107:<\/strong>\u00a0510kg<\/li>\n<li><strong>No\u015bno\u015b\u0107 osi:<\/strong>\u00a02x750kg<\/li>\n<li><strong>Zaczep kulowy:<\/strong>\u00a01400kg<\/li>\n<li><strong>Wymiary skrzyni \u0142adunkowej:<\/strong>\u00a0265 x 132 x 35cm<\/li>\n<li><strong>Ogumienie:<\/strong>\u00a0155\/70 R13<\/li>\n<li><strong>Ko\u0142o podporowe z obejm\u0105:<\/strong>\u00a0TAK<\/li>\n<li><strong>Funkcja przechy\u0142u:<\/strong>\u00a0NIE<\/li>\n<li><strong>Przednia burta otwierana:<\/strong>\u00a0TAK<\/li>\n<li><strong>Boczne burty demontowane:<\/strong>\u00a0TAK<\/li>\n<li><strong>Instalacja elektryczna:<\/strong>\u00a07pin<\/li>\n<\/ul>\n<p><strong>\u00a0<\/strong><\/p>\n","protected":false},"featured_media":1494,"template":"","meta":[],"product_cat":[50,48],"product_tag":[],"_links":{"self":[{"href":"https:\/\/rentalmet.pl\/index.php\/wp-json\/wp\/v2\/product\/1491"}],"collection":[{"href":"https:\/\/rentalmet.pl\/index.php\/wp-json\/wp\/v2\/product"}],"about":[{"href":"https:\/\/rentalmet.pl\/index.php\/wp-json\/wp\/v2\/types\/product"}],"wp:featuredmedia":[{"embeddable":true,"href":"https:\/\/rentalmet.pl\/index.php\/wp-json\/wp\/v2\/media\/1494"}],"wp:attachment":[{"href":"https:\/\/rentalmet.pl\/index.php\/wp-json\/wp\/v2\/media?parent=1491"}],"wp:term":[{"taxonomy":"product_cat","embeddable":true,"href":"https:\/\/rentalmet.pl\/index.php\/wp-json\/wp\/v2\/product_cat?post=1491"},{"taxonomy":"product_tag","embeddable":true,"href":"https:\/\/rentalmet.pl\/index.php\/wp-json\/wp\/v2\/product_tag?post=1491"}],"curies":[{"name":"wp","href":"https:\/\/api.w.org\/{rel}","templated":true}]}}