{"id":1486,"date":"2022-06-29T22:26:03","date_gmt":"2022-06-29T22:26:03","guid":{"rendered":"https:\/\/rentalmet.pl\/?post_type=product&#038;p=1486"},"modified":"2022-08-29T12:12:24","modified_gmt":"2022-08-29T12:12:24","slug":"stihl-bt-131-swider-glebowy-wiertnica-19-km-komplet-swidrow","status":"publish","type":"product","link":"https:\/\/rentalmet.pl\/index.php\/produkt\/stihl-bt-131-swider-glebowy-wiertnica-19-km-komplet-swidrow\/","title":{"rendered":"STIHL BT 131 \u015bwider glebowy, wiertnica 1,9 KM + komplet \u015bwidr\u00f3w"},"content":{"rendered":"<p>Do nawiercania otwor\u00f3w o \u015brednicy do 300mm.<\/p>\n<p><strong>Dane techniczne<\/strong><\/p>\n<p>Moc kW\/KM 1,4\/1,9<\/p>\n<p>Pojemno\u015b\u0107 skokowa cm\u00b3 36,3<\/p>\n<p>Ci\u0119\u017car kg 10<\/p>\n<p>Warto\u015b\u0107 drga\u0144 strona lewa\/strona prawa m\/s\u00b2 1,7\/2<\/p>\n<p>Obroty wrzeciona min-1 200<\/p>\n<p>Poziom mocy akustycznej dB(A) 100<\/p>\n<p>Poziom ci\u015bnienia akustycznego dB(A) 92<\/p>\n<p>Wyposa\u017cenie seryjne<\/p>\n<p>Silnik STIHL 4-MIX<\/p>\n<p>Silnik STIHL 4-MIX \u0142\u0105czy w sobie zalety silnik\u00f3w 2- i 4- suwowych. Niewielkie zu\u017cycie paliwa, mniej szkodliwych spalin, nie ma potrzeby wymiany oleju. Wi\u0119cej mocy i wy\u017cszy moment obrotowy.<\/p>\n<p>System filtr\u00f3w o przed\u0142u\u017conej \u017cywotno\u015bci<\/p>\n<p>Wraz ze zintegrowanym w ga\u017aniku kompensatorem zapewnia wi\u0119ksz\u0105 skuteczno\u015b\u0107 filtrowania i znacz\u0105co wyd\u0142u\u017ca \u017cywotno\u015b\u0107 filtra.<\/p>\n<p>Du\u017ca poduszka amortyzuj\u0105ca<\/p>\n<p>Du\u017ca poduszka amortyzuj\u0105ca przylega podczas wiercenia do g\u00f3rnej cz\u0119\u015bci cia\u0142a lub nogi operatora, umo\u017cliwiaj\u0105c spokojne i precyzyjne prowadzenie \u015bwidra.<\/p>\n<p>Hamulec wiert\u0142a QuickStop<\/p>\n<p>W przypadku zablokowania wiert\u0142a hamulec wiert\u0142a QuickStop jest uruchamiany przez mechanizm znajduj\u0105cy si\u0119 na wysoko\u015bci uda operatora i powoduje natychmiastowe zatrzymanie wiert\u0142a. Spe\u0142nia r\u00f3wnie\u017c funkcj\u0119 blokady ruchu wstecznego. Zablokowane wiert\u0142o mo\u017cna po prostu wyj\u0105\u0107 z otworu obracaj\u0105c je w kierunku przeciwnym do kierunku ruchu wskaz\u00f3wek zegara.<\/p>\n<p>Uchwyt multifunkcyjny<\/p>\n<p>Wszystkie elementy sterowania prac\u0105 silnika s\u0105 zintegrowane z lewym uchwytem i umo\u017cliwiaj\u0105 obs\u0142ug\u0119 urz\u0105dzenia poprzez docisk palca. D\u0142o\u0144 jest wtedy ca\u0142y czas w pozycji roboczej.<\/p>\n<p>Uchwyt antywibracyjny<\/p>\n<p>Uchwyt antywibracyjny znacz\u0105co t\u0142umi drgania i umo\u017cliwia \u0142atw\u0105 i lekk\u0105 prac\u0119.<\/p>\n","protected":false},"excerpt":{"rendered":"<p><strong>Profesjonalny \u015bwider z silnikiem 4-MIX\u00ae i hamulcem QuickStop 1,9 KM<br \/>\n<\/strong><span style=\"font-size: medium;\">Silnik 4-MIX\u00ae z du\u017cym zbiornikiem paliwa, ram\u0105 amortyzuj\u0105c\u0105, uchwytem obs\u0142ugowym z przyciskiem Stop, systemem filtr\u00f3w powietrza o d\u0142ugiej \u017cywotno\u015bci, du\u017c\u0105 poduszk\u0105 amortyzuj\u0105c\u0105.<\/span><\/p>\n<p><strong>\u00a0<\/strong><\/p>\n","protected":false},"featured_media":1489,"template":"","meta":[],"product_cat":[40,42],"product_tag":[],"_links":{"self":[{"href":"https:\/\/rentalmet.pl\/index.php\/wp-json\/wp\/v2\/product\/1486"}],"collection":[{"href":"https:\/\/rentalmet.pl\/index.php\/wp-json\/wp\/v2\/product"}],"about":[{"href":"https:\/\/rentalmet.pl\/index.php\/wp-json\/wp\/v2\/types\/product"}],"wp:featuredmedia":[{"embeddable":true,"href":"https:\/\/rentalmet.pl\/index.php\/wp-json\/wp\/v2\/media\/1489"}],"wp:attachment":[{"href":"https:\/\/rentalmet.pl\/index.php\/wp-json\/wp\/v2\/media?parent=1486"}],"wp:term":[{"taxonomy":"product_cat","embeddable":true,"href":"https:\/\/rentalmet.pl\/index.php\/wp-json\/wp\/v2\/product_cat?post=1486"},{"taxonomy":"product_tag","embeddable":true,"href":"https:\/\/rentalmet.pl\/index.php\/wp-json\/wp\/v2\/product_tag?post=1486"}],"curies":[{"name":"wp","href":"https:\/\/api.w.org\/{rel}","templated":true}]}}