{"id":1371,"date":"2022-06-29T09:13:59","date_gmt":"2022-06-29T09:13:59","guid":{"rendered":"https:\/\/rentalmet.pl\/?post_type=product&#038;p=1371"},"modified":"2022-08-29T12:11:22","modified_gmt":"2022-08-29T12:11:22","slug":"zageszczarka-plytowa-dwukierunkowa-wacker-neuson-dpu6555heh","status":"publish","type":"product","link":"https:\/\/rentalmet.pl\/index.php\/produkt\/zageszczarka-plytowa-dwukierunkowa-wacker-neuson-dpu6555heh\/","title":{"rendered":"Zag\u0119szczarka p\u0142ytowa dwukierunkowa Wacker Neuson DPU6555Heh &#8211; 500kg"},"content":{"rendered":"","protected":false},"excerpt":{"rendered":"<p>Wyj\u0105tkowy poziom wydajno\u015bci tego modelu zawdzi\u0119czamy ogromnej sile zag\u0119szczania w po\u0142\u0105czeniu z szybkim ruchem do przodu i wstecz. Polecana w ka\u017cdym miejscu pracy, gdzie wydajno\u015b\u0107 jest wysoko ceniona. Optymalne obszary zastosowa\u0144 to zag\u0119szczenie warstwy przeciwmrozowej oraz warstw no\u015bnych w konstrukcjach dr\u00f3g, \u015bcie\u017cek i parking\u00f3w, jak zag\u0119szczanie przy wype\u0142nianiu wyrobisk pod budynkami.<\/p>\n<p><strong>Najwa\u017cniejsze zalety:<\/strong><\/p>\n<ul>\n<li>umo\u017cliwia zag\u0119szczanie ci\u0119\u017ckiej nawierzchni brukowej dzi\u0119ki cz\u0119stotliwo\u015bci 69 Hz,<\/li>\n<li>ma wybitne w\u0142a\u015bciwo\u015bci pod wzgl\u0119dem trwa\u0142o\u015bci i wygody obs\u0142ugi, niskie wibracje d\u0142o\u0144\/rami\u0119 poni\u017cej 2,5 m\/s\u00b2 zapewniaj\u0105ce wysoki komfort obs\u0142ugi oraz pe\u0142n\u0105 wydajno\u015b\u0107 powierzchniow\u0105,<\/li>\n<li>regulacj\u0119 pr\u0119dko\u015bci i zmian\u0119 kierunku jazdy zmienia si\u0119 przez ruch uchwytu do przodu i do ty\u0142u, co zapewnia intuicyjny uchwyt steruj\u0105cy,<\/li>\n<li>posiada funkcj\u0119 czuwania, kt\u00f3ra zapobiega uwi\u0119zieniu operatora mi\u0119dzy urz\u0105dzeniem a obiektem podczas pracy w ruchu powrotnym.<\/li>\n<\/ul>\n","protected":false},"featured_media":1181,"template":"","meta":[],"product_cat":[30,31],"product_tag":[],"_links":{"self":[{"href":"https:\/\/rentalmet.pl\/index.php\/wp-json\/wp\/v2\/product\/1371"}],"collection":[{"href":"https:\/\/rentalmet.pl\/index.php\/wp-json\/wp\/v2\/product"}],"about":[{"href":"https:\/\/rentalmet.pl\/index.php\/wp-json\/wp\/v2\/types\/product"}],"wp:featuredmedia":[{"embeddable":true,"href":"https:\/\/rentalmet.pl\/index.php\/wp-json\/wp\/v2\/media\/1181"}],"wp:attachment":[{"href":"https:\/\/rentalmet.pl\/index.php\/wp-json\/wp\/v2\/media?parent=1371"}],"wp:term":[{"taxonomy":"product_cat","embeddable":true,"href":"https:\/\/rentalmet.pl\/index.php\/wp-json\/wp\/v2\/product_cat?post=1371"},{"taxonomy":"product_tag","embeddable":true,"href":"https:\/\/rentalmet.pl\/index.php\/wp-json\/wp\/v2\/product_tag?post=1371"}],"curies":[{"name":"wp","href":"https:\/\/api.w.org\/{rel}","templated":true}]}}