{"id":1370,"date":"2022-06-29T09:13:24","date_gmt":"2022-06-29T09:13:24","guid":{"rendered":"https:\/\/rentalmet.pl\/?post_type=product&#038;p=1370"},"modified":"2022-08-29T12:11:04","modified_gmt":"2022-08-29T12:11:04","slug":"zageszczarka-rewersyjna-wacker-neuson-dpu3750hets","status":"publish","type":"product","link":"https:\/\/rentalmet.pl\/index.php\/produkt\/zageszczarka-rewersyjna-wacker-neuson-dpu3750hets\/","title":{"rendered":"Zag\u0119szczarka rewersyjna Wacker Neuson DPU3750Hets &#8211; 270kg"},"content":{"rendered":"","protected":false},"excerpt":{"rendered":"<p>Bardzo wydajna zag\u0119szczarka z si\u0142\u0105 od\u015brodkow\u0105 37 kN, polecana do uk\u0142adania kostki brukowej, wszelkich prac w ogrodnictwie i piel\u0119gnacji teren\u00f3w zielonych, doskonale si\u0119 r\u00f3wnie\u017c nadaj\u0105 do prac w ramach utrzymania dr\u00f3g, i parking\u00f3w.<\/p>\n<p><strong>Najwa\u017cniejsze zalety:<\/strong><\/p>\n<ul>\n<li>solidne, zintegrowane ko\u0142a u\u0142atwiaj\u0105ce prace na budowie,<\/li>\n<li>pe\u0142na mobilno\u015b\u0107 podczas prac budowlanych i remontowych,<\/li>\n<li>du\u017ca zwrotno\u015b\u0107 powoduje, \u017ce zag\u0119szczarka ta nadaj\u0105 si\u0119 idealnie do profesjonalnego i ci\u0105g\u0142ego zag\u0119szczania row\u00f3w, ci\u0105g\u00f3w pieszych oraz wszystkich innych, w\u0105skich miejsc.<\/li>\n<\/ul>\n","protected":false},"featured_media":1196,"template":"","meta":[],"product_cat":[30,31],"product_tag":[],"_links":{"self":[{"href":"https:\/\/rentalmet.pl\/index.php\/wp-json\/wp\/v2\/product\/1370"}],"collection":[{"href":"https:\/\/rentalmet.pl\/index.php\/wp-json\/wp\/v2\/product"}],"about":[{"href":"https:\/\/rentalmet.pl\/index.php\/wp-json\/wp\/v2\/types\/product"}],"wp:featuredmedia":[{"embeddable":true,"href":"https:\/\/rentalmet.pl\/index.php\/wp-json\/wp\/v2\/media\/1196"}],"wp:attachment":[{"href":"https:\/\/rentalmet.pl\/index.php\/wp-json\/wp\/v2\/media?parent=1370"}],"wp:term":[{"taxonomy":"product_cat","embeddable":true,"href":"https:\/\/rentalmet.pl\/index.php\/wp-json\/wp\/v2\/product_cat?post=1370"},{"taxonomy":"product_tag","embeddable":true,"href":"https:\/\/rentalmet.pl\/index.php\/wp-json\/wp\/v2\/product_tag?post=1370"}],"curies":[{"name":"wp","href":"https:\/\/api.w.org\/{rel}","templated":true}]}}