{"id":1369,"date":"2022-06-29T09:12:05","date_gmt":"2022-06-29T09:12:05","guid":{"rendered":"https:\/\/rentalmet.pl\/?post_type=product&#038;p=1369"},"modified":"2022-08-29T12:10:54","modified_gmt":"2022-08-29T12:10:54","slug":"zageszczarka-wacker-neuson-bpu3050a","status":"publish","type":"product","link":"https:\/\/rentalmet.pl\/index.php\/produkt\/zageszczarka-wacker-neuson-bpu3050a\/","title":{"rendered":"Zag\u0119szczarka Wacker Neuson BPU3050A &#8211; 166kg"},"content":{"rendered":"","protected":false},"excerpt":{"rendered":"<p>Polecana do uk\u0142adania kostki brukowej, wszelkich prac w\u00a0ogrodnictwie, piel\u0119gnacji teren\u00f3w zielonych, a\u00a0tak\u017ce do\u00a0prac w\u00a0ramach utrzymania dr\u00f3g, ci\u0105g\u00f3w komunikacyjnych oraz\u00a0parking\u00f3w.<\/p>\n<p><strong>Najwa\u017cniejsze zalety:<\/strong><\/p>\n<ul>\n<li>zapewnia pe\u0142n\u0105 mobilno\u015b\u0107 podczas prac budowlanych<\/li>\n<li>kompaktowa budowa oraz du\u017ca zwrotno\u015b\u0107 sprawiaj\u0105, \u017ce idealnie nadaje si\u0119 do zag\u0119szczania row\u00f3w, ci\u0105g\u00f3w pieszych oraz wszystkich innych, w\u0105skich miejsc.<\/li>\n<li>zintegrowany system jezdny, dzi\u0119ki kt\u00f3remu ko\u0142om nie zaszkodzi nawet gor\u0105cy asfalt i wysokie kraw\u0119\u017cniki,<\/li>\n<li>posiada bardzo trwa\u0142\u0105 p\u0142yt\u0119 doln\u0105, kt\u00f3ra sprawdzi si\u0119 r\u00f3wnie\u017c przy ekstremalnym obci\u0105\u017ceniu,<\/li>\n<li>dzi\u0119ki amortyzacji uchwytu i opcji prowadzenia bocznego, zapewnione s\u0105 precyzyjne ruchy oraz redukcja zm\u0119czenia operatora,<\/li>\n<li>bezpieczny transport zapewnia automatyczny mechanizm blokady dyszla prowadz\u0105cego.<\/li>\n<\/ul>\n","protected":false},"featured_media":1178,"template":"","meta":[],"product_cat":[30,31],"product_tag":[],"_links":{"self":[{"href":"https:\/\/rentalmet.pl\/index.php\/wp-json\/wp\/v2\/product\/1369"}],"collection":[{"href":"https:\/\/rentalmet.pl\/index.php\/wp-json\/wp\/v2\/product"}],"about":[{"href":"https:\/\/rentalmet.pl\/index.php\/wp-json\/wp\/v2\/types\/product"}],"wp:featuredmedia":[{"embeddable":true,"href":"https:\/\/rentalmet.pl\/index.php\/wp-json\/wp\/v2\/media\/1178"}],"wp:attachment":[{"href":"https:\/\/rentalmet.pl\/index.php\/wp-json\/wp\/v2\/media?parent=1369"}],"wp:term":[{"taxonomy":"product_cat","embeddable":true,"href":"https:\/\/rentalmet.pl\/index.php\/wp-json\/wp\/v2\/product_cat?post=1369"},{"taxonomy":"product_tag","embeddable":true,"href":"https:\/\/rentalmet.pl\/index.php\/wp-json\/wp\/v2\/product_tag?post=1369"}],"curies":[{"name":"wp","href":"https:\/\/api.w.org\/{rel}","templated":true}]}}