{"id":1367,"date":"2022-06-29T09:06:18","date_gmt":"2022-06-29T09:06:18","guid":{"rendered":"https:\/\/rentalmet.pl\/?post_type=product&#038;p=1367"},"modified":"2022-08-29T12:10:33","modified_gmt":"2022-08-29T12:10:33","slug":"zageszczarka-jednokierunkowa-wacker-neuson-vp2050a","status":"publish","type":"product","link":"https:\/\/rentalmet.pl\/index.php\/produkt\/zageszczarka-jednokierunkowa-wacker-neuson-vp2050a\/","title":{"rendered":"Zag\u0119szczarka jednokierunkowa Wacker Neuson VP2050A &#8211; 99kg"},"content":{"rendered":"","protected":false},"excerpt":{"rendered":"<p>Idealnie nadaje si\u0119 do zag\u0119szczania asfaltu, nawierzchni brukowej oraz gleby mieszanej. W\u015br\u00f3d typowych zastosowa\u0144 wymieni\u0107 nale\u017cy budow\u0119 \u015bcie\u017cek, prace w ogrodzie czy budownictwo krajobrazowe.\u00a0 Z powodzeniem mo\u017cna stosowa\u0107 ten model wok\u00f3\u0142 kamieni, os\u0142on kana\u0142\u00f3w i wzd\u0142u\u017c kraw\u0119\u017cnik\u00f3w. Wibracje d\u0142o\u0144\/rami\u0119 maj\u0105 warto\u015bci poni\u017cej 5 m\/s\u00b2,dzi\u0119ki czemu operator mo\u017ce bez przerwy pracowa\u0107 przy niskiej emisji spalin przed 8 godzin.<\/p>\n<p><strong>Najwa\u017cniejsze zalety:<\/strong><\/p>\n<ul>\n<li>podczas obrotu urz\u0105dzenia zminimalizowane jest tworzenie si\u0119 niepo\u017c\u0105danych kant\u00f3w dzi\u0119ki zaokr\u0105glonym i sto\u017ckowym kraw\u0119dziom,<\/li>\n<li>bardzo wysokiej jako\u015bci p\u0142yta dolna daje najlepsze rezultaty zag\u0119szczania asfaltu,<\/li>\n<li>ma solidn\u0105 konstrukcj\u0119 \u2013 uk\u0142ad nap\u0119dowy z zabezpieczeniem paska klinowego zapobiega zu\u017cyciu paska.<\/li>\n<\/ul>\n","protected":false},"featured_media":1180,"template":"","meta":[],"product_cat":[30,31],"product_tag":[],"_links":{"self":[{"href":"https:\/\/rentalmet.pl\/index.php\/wp-json\/wp\/v2\/product\/1367"}],"collection":[{"href":"https:\/\/rentalmet.pl\/index.php\/wp-json\/wp\/v2\/product"}],"about":[{"href":"https:\/\/rentalmet.pl\/index.php\/wp-json\/wp\/v2\/types\/product"}],"wp:featuredmedia":[{"embeddable":true,"href":"https:\/\/rentalmet.pl\/index.php\/wp-json\/wp\/v2\/media\/1180"}],"wp:attachment":[{"href":"https:\/\/rentalmet.pl\/index.php\/wp-json\/wp\/v2\/media?parent=1367"}],"wp:term":[{"taxonomy":"product_cat","embeddable":true,"href":"https:\/\/rentalmet.pl\/index.php\/wp-json\/wp\/v2\/product_cat?post=1367"},{"taxonomy":"product_tag","embeddable":true,"href":"https:\/\/rentalmet.pl\/index.php\/wp-json\/wp\/v2\/product_tag?post=1367"}],"curies":[{"name":"wp","href":"https:\/\/api.w.org\/{rel}","templated":true}]}}