{"id":1366,"date":"2022-06-29T06:50:50","date_gmt":"2022-06-29T06:50:50","guid":{"rendered":"https:\/\/rentalmet.pl\/?post_type=product&#038;p=1366"},"modified":"2022-08-29T12:09:43","modified_gmt":"2022-08-29T12:09:43","slug":"ubijak-wacker-neuson-bs-60-2-plus","status":"publish","type":"product","link":"https:\/\/rentalmet.pl\/index.php\/produkt\/ubijak-wacker-neuson-bs-60-2-plus\/","title":{"rendered":"Ubijak Wacker Neuson BS 60-2 plus"},"content":{"rendered":"","protected":false},"excerpt":{"rendered":"<p>Posiada mocny silnik dwusuwowy, kt\u00f3ry zapewnia wysok\u0105 cz\u0119stotliwo\u015b\u0107 ubijania. Dzi\u0119ki smuk\u0142ej konstrukcji, idealnie nadaje si\u0119 do prac w\u00a0w\u0105skich wykopach. Dodatkowo, ma cyfrowy licznik godzin pracy, kt\u00f3ry informuje o czasie eksploatacji. Posiada katalizator, kt\u00f3ry sprawia, \u017ce\u00a0emisja spalin utrzymuje si\u0119 na\u00a0poziomie ni\u017cszym ni\u017c wszystkie limity przewidziane normami.<\/p>\n<p><strong>Najwa\u017cniejsze zalety:<\/strong><\/p>\n<ul>\n<li>wst\u0119pne mieszanie nie jest ju\u017c konieczne ze wzgl\u0119du na dwa oddzielne zbiorniki na paliwo i olej do silnik\u00f3w dwusuwowych,<\/li>\n<li>ten model cechuje mocny nap\u0119d i wysoka stabilno\u015b\u0107, kt\u00f3re zapobiegaj\u0105 przechylaniu si\u0119 i u\u0142atwiaj\u0105 roboty,<\/li>\n<li>ubijak jest w pe\u0142ni funkcjonalny r\u00f3wnie\u017c w pozycji pochylonej,<\/li>\n<li>automatycznie wy\u0142\u0105cza si\u0119 po 10 minutach pracy na ja\u0142owym biegu,<\/li>\n<li>niskie wibracje d\u0142o\u0144-rami\u0119 zapewniaj\u0105 \u015bwietny komfort pracy.<\/li>\n<\/ul>\n","protected":false},"featured_media":1177,"template":"","meta":[],"product_cat":[30,31],"product_tag":[],"_links":{"self":[{"href":"https:\/\/rentalmet.pl\/index.php\/wp-json\/wp\/v2\/product\/1366"}],"collection":[{"href":"https:\/\/rentalmet.pl\/index.php\/wp-json\/wp\/v2\/product"}],"about":[{"href":"https:\/\/rentalmet.pl\/index.php\/wp-json\/wp\/v2\/types\/product"}],"wp:featuredmedia":[{"embeddable":true,"href":"https:\/\/rentalmet.pl\/index.php\/wp-json\/wp\/v2\/media\/1177"}],"wp:attachment":[{"href":"https:\/\/rentalmet.pl\/index.php\/wp-json\/wp\/v2\/media?parent=1366"}],"wp:term":[{"taxonomy":"product_cat","embeddable":true,"href":"https:\/\/rentalmet.pl\/index.php\/wp-json\/wp\/v2\/product_cat?post=1366"},{"taxonomy":"product_tag","embeddable":true,"href":"https:\/\/rentalmet.pl\/index.php\/wp-json\/wp\/v2\/product_tag?post=1366"}],"curies":[{"name":"wp","href":"https:\/\/api.w.org\/{rel}","templated":true}]}}