{"id":2,"date":"2022-06-17T22:25:27","date_gmt":"2022-06-17T22:25:27","guid":{"rendered":"http:\/\/rentalmet.pl\/?page_id=2"},"modified":"2022-09-02T11:16:12","modified_gmt":"2022-09-02T11:16:12","slug":"polityka-prywatnosci","status":"publish","type":"page","link":"https:\/\/rentalmet.pl\/index.php\/polityka-prywatnosci\/","title":{"rendered":"Polityka Prywatno\u015bci"},"content":{"rendered":"\r\n<h1 data-fontsize=\"16\" data-lineheight=\"30\">Polityka prywatno\u015bci\u00a0<\/h1>\r\n<h3 class=\"pb-12\" data-fontsize=\"16\" data-lineheight=\"30\"><strong>1. Informacje og\u00f3lne<\/strong><\/h3>\r\n<ol>\r\n<li>Niniejsza polityka dotyczy Serwisu www, funkcjonuj\u0105cego pod adresem url: rentalmet.pl<\/li>\r\n<li>Operatorem serwisu oraz Administratorem danych osobowych jest: <strong>RENTALMET Sp. z o.o.\u00a0 |\u00a0\u00a0<\/strong>ul. zagrody 80\u00a0 |\u00a0 43-300 Bielsko-Bia\u0142a\u00a0 |\u00a0 NIP 9372745356\u00a0 |\u00a0 REGON 522632842\u00a0 |\u00a0 KRS 0000933186<\/li>\r\n<li>Adres kontaktowy poczty elektronicznej operatora: <a href=\"mailto:biuro@scrapmet.pl\" target=\"_blank\" rel=\"noopener\">biuro@<\/a>rentalmet.pl<\/li>\r\n<li>Operator jest Administratorem Twoich danych osobowych w odniesieniu do danych podanych dobrowolnie w Serwisie.<\/li>\r\n<li>Serwis wykorzystuje dane osobowe w nast\u0119puj\u0105cych celach:\r\n<ul>\r\n<li>Prowadzenie newslettera<\/li>\r\n<li>Obs\u0142uga zapyta\u0144 przez formularz<\/li>\r\n<li>Obs\u0142uga zam\u00f3wie\u0144 towar\u00f3w \u2013 przygotowanie, pakowanie, wysy\u0142ka<\/li>\r\n<li>Realizacja zam\u00f3wionych us\u0142ug<\/li>\r\n<li>Obs\u0142uga odpowiednich dokument\u00f3w ksi\u0119gowych<\/li>\r\n<li>Windykacja nale\u017cno\u015bci<\/li>\r\n<li>Prezentacja oferty lub informacji<\/li>\r\n<li>Wykonanie przez Administratora danych osobowych prawnie ci\u0105\u017c\u0105cych na nim obowi\u0105zk\u00f3w zgodnie z art. 6 ust. 1 lit. c) RODO w zakresie w jakim przewiduj\u0105 to przepisy szczeg\u00f3lne (np. prowadzenie ksi\u0119gowo\u015bci).<\/li>\r\n<\/ul>\r\n<\/li>\r\n<li>Serwis realizuje funkcje pozyskiwania informacji o u\u017cytkownikach i ich zachowaniu w nast\u0119puj\u0105cy spos\u00f3b:\r\n<ol>\r\n<li>Poprzez dobrowolnie wprowadzone w formularzach dane, kt\u00f3re zostaj\u0105 wprowadzone do system\u00f3w Operatora.<\/li>\r\n<li>Poprzez zapisywanie w urz\u0105dzeniach ko\u0144cowych plik\u00f3w cookie (tzw. \u201eciasteczka\u201d).<\/li>\r\n<\/ol>\r\n<\/li>\r\n<\/ol>\r\n<h3 class=\"pb-12\" data-fontsize=\"16\" data-lineheight=\"30\"><strong>2. Wybrane metody ochrony danych stosowane przez Operatora<\/strong><\/h3>\r\n<ol>\r\n<li>W celu ochrony danych Operator regularnie wykonuje kopie bezpiecze\u0144stwa.<\/li>\r\n<\/ol>\r\n<h3 class=\"pb-12\" data-fontsize=\"16\" data-lineheight=\"30\"><strong>3. Hosting<\/strong><\/h3>\r\n<ol>\r\n<li>Serwis jest hostowany (technicznie utrzymywany) na serwera operatora: hekko.pl<\/li>\r\n<li>Dane rejestrowe firmy hostingowej: H88 S.A. z siedzib\u0105 w Poznaniu, Franklina Roosevelta 22, 60-829 Pozna\u0144, wpisana do Krajowego Rejestru S\u0105dowego przez S\u0105d Rejonowy Pozna\u0144 \u2013 Nowe Miasto i Wilda w Poznaniu, Wydzia\u0142 VIII Gospodarczy Krajowego Rejestru S\u0105dowego pod nr KRS 0000612359, REGON 364261632, NIP 7822622168, kapita\u0142 zak\u0142adowy 210.000,00 z\u0142 w pe\u0142ni wp\u0142acony.<\/li>\r\n<li>Pod adresem\u00a0<a href=\"https:\/\/hekko.pl\/\">https:\/\/linuxpl.com<\/a>\u00a0mo\u017cesz dowiedzie\u0107 si\u0119 wi\u0119cej o hostingu i sprawdzi\u0107 polityk\u0119 prywatno\u015bci firmy hostingowej.<\/li>\r\n<li>Firma hostingowa:\r\n<ul>\r\n<li>stosuje \u015brodki ochrony przed utrat\u0105 danych (np. macierze dyskowe, regularne kopie bezpiecze\u0144stwa),<\/li>\r\n<li>stosuje adekwatne \u015brodki ochrony miejsc przetwarzania na wypadek po\u017caru (np. specjalne systemy ga\u015bnicze),<\/li>\r\n<li>stosuje adekwatne \u015brodki ochrony system\u00f3w przetwarzania na wypadek nag\u0142ej awarii zasilania (np. podw\u00f3jne tory zasilania, agregaty, systemy podtrzymania napi\u0119cia UPS),<\/li>\r\n<li>stosuje \u015brodki fizycznej ochrony dost\u0119pu do miejsc przetwarzania danych (np. kontrola dost\u0119pu, monitoring),<\/li>\r\n<li>stosuje \u015brodki zapewnienia odpowiednich warunk\u00f3w \u015brodowiskowych dla serwer\u00f3w jako element\u00f3w systemu przetwarzania danych (np. kontrola warunk\u00f3w \u015brodowiskowych, specjalistyczne systemy klimatyzacji),<\/li>\r\n<li>stosuje rozwi\u0105zania organizacyjne dla zapewnienia mo\u017cliwie wysokiego stopnia ochrony i poufno\u015bci (szkolenia, wewn\u0119trzne regulaminy, polityki hase\u0142 itp.),<\/li>\r\n<li>powo\u0142a\u0142a Inspektora Ochrony Danych.<\/li>\r\n<\/ul>\r\n<\/li>\r\n<li>Firma hostingowa w celu zapewnienia niezawodno\u015bci technicznej prowadzi logi na poziomie serwera. Zapisowi mog\u0105 podlega\u0107:\r\n<ul>\r\n<li>zasoby okre\u015blone identyfikatorem URL (adresy \u017c\u0105danych zasob\u00f3w \u2013 stron, plik\u00f3w),<\/li>\r\n<li>czas nadej\u015bcia zapytania,<\/li>\r\n<li>czas wys\u0142ania odpowiedzi,<\/li>\r\n<li>nazw\u0119 stacji klienta \u2013 identyfikacja realizowana przez protok\u00f3\u0142 HTTP,<\/li>\r\n<li>informacje o b\u0142\u0119dach jakie nast\u0105pi\u0142y przy realizacji transakcji HTTP,<\/li>\r\n<li>adres URL strony poprzednio odwiedzanej przez u\u017cytkownika (referer link) \u2013 w przypadku gdy przej\u015bcie do Serwisu nast\u0105pi\u0142o przez odno\u015bnik,<\/li>\r\n<li>informacje o przegl\u0105darce u\u017cytkownika,<\/li>\r\n<li>informacje o adresie IP,<\/li>\r\n<li>informacje diagnostyczne zwi\u0105zane z procesem samodzielnego zamawiania us\u0142ug poprzez rejestratory na stronie,<\/li>\r\n<li>informacje zwi\u0105zane z obs\u0142ug\u0105 poczty elektronicznej kierowanej do Operatora oraz wysy\u0142anej przez Operatora.<\/li>\r\n<\/ul>\r\n<\/li>\r\n<\/ol>\r\n<h3 class=\"pb-12\" data-fontsize=\"16\" data-lineheight=\"30\"><strong>4. Twoje prawa i dodatkowe informacje o sposobie wykorzystania danych<\/strong><\/h3>\r\n<ol>\r\n<li>W niekt\u00f3rych sytuacjach Administrator ma prawo przekazywa\u0107 Twoje dane osobowe innym odbiorcom, je\u015bli b\u0119dzie to niezb\u0119dne do wykonania zawartej z Tob\u0105 umowy lub do zrealizowania obowi\u0105zk\u00f3w ci\u0105\u017c\u0105cych na Administratorze. Dotyczy to takich grup odbiorc\u00f3w:\r\n<ul>\r\n<li>osoby upowa\u017cnione przez nas, pracownicy i wsp\u00f3\u0142pracownicy, kt\u00f3rzy musz\u0105 mie\u0107 dost\u0119p do danych osobowych w celu wykonywania swoich obowi\u0105zk\u00f3w,<\/li>\r\n<li>firma hostingowa,<\/li>\r\n<li>firmy, z kt\u00f3rymi Administrator wsp\u00f3\u0142pracuje w zakresie marketingu w\u0142asnego,<\/li>\r\n<li>kancelarie prawne i windykatorzy,<\/li>\r\n<li>banki,<\/li>\r\n<\/ul>\r\n<\/li>\r\n<li>Twoje dane osobowe przetwarzane przez Administratora nie d\u0142u\u017cej, ni\u017c jest to konieczne do wykonania zwi\u0105zanych z nimi czynno\u015bci okre\u015blonych osobnymi przepisami (np. o prowadzeniu rachunkowo\u015bci). W odniesieniu do danych marketingowych dane nie b\u0119d\u0105 przetwarzane d\u0142u\u017cej ni\u017c przez 3 lata.<\/li>\r\n<li>Przys\u0142uguje Ci prawo \u017c\u0105dania od Administratora:\r\n<ul>\r\n<li>dost\u0119pu do danych osobowych Ciebie dotycz\u0105cych,<\/li>\r\n<li>ich sprostowania,<\/li>\r\n<li>usuni\u0119cia,<\/li>\r\n<li>ograniczenia przetwarzania,<\/li>\r\n<li>oraz przenoszenia danych.<\/li>\r\n<\/ul>\r\n<\/li>\r\n<li>Przys\u0142uguje Ci prawo do z\u0142o\u017cenia sprzeciwu w zakresie przetwarzania wskazanego w pkt 3.3 c) wobec przetwarzania danych osobowych w celu wykonania prawnie uzasadnionych interes\u00f3w realizowanych przez Administratora, w tym profilowania, przy czym prawo sprzeciwu nie b\u0119dzie mog\u0142o by\u0107 wykonane w przypadku istnienia wa\u017cnych prawnie uzasadnionych podstaw do przetwarzania, nadrz\u0119dnych wobec Ciebie interes\u00f3w, praw i wolno\u015bci, w szczeg\u00f3lno\u015bci ustalenia, dochodzenia lub obrony roszcze\u0144.<\/li>\r\n<li>Na dzia\u0142ania Administratora przys\u0142uguje skarga do Prezesa Urz\u0119du Ochrony Danych Osobowych, ul. Stawki 2, 00-193 Warszawa.<\/li>\r\n<li>Podanie danych osobowych jest dobrowolne, lecz niezb\u0119dne do obs\u0142ugi Serwisu.<\/li>\r\n<li>W stosunku do Ciebie mog\u0105 by\u0107 podejmowane czynno\u015bci polegaj\u0105ce na zautomatyzowanym podejmowaniu decyzji, w tym profilowaniu w celu \u015bwiadczenia us\u0142ug w ramach zawartej umowy oraz w celu prowadzenia przez Administratora marketingu bezpo\u015bredniego.<\/li>\r\n<li>Dane osobowe nie s\u0105 przekazywane od kraj\u00f3w trzecich w rozumieniu przepis\u00f3w o ochronie danych osobowych. Oznacza to, \u017ce nie przesy\u0142amy ich poza teren Unii Europejskiej.<\/li>\r\n<\/ol>\r\n<h3 data-fontsize=\"16\" data-lineheight=\"30\">5. Jakie dane przetwarzamy i dlaczego?<\/h3>\r\n<h3 data-fontsize=\"16\" data-lineheight=\"30\">5.1 Dane gromadzone automatycznie<\/h3>\r\n<ol>\r\n<li>System informatyczny, z kt\u00f3rego korzysta rentalmet.pl podobnie jak wi\u0119kszo\u015b\u0107 serwis\u00f3w WWW, przechowuje zapytania HTTP kierowane do naszego serwera. Dane te s\u0105 automatycznie zapisywane w logach serwera.<\/li>\r\n<li value=\"2\">Logi serwera zawieraj\u0105 informacje na temat:\r\n<ol>\r\n<li>Typu urz\u0105dzenia, z kt\u00f3rego wys\u0142ano zapytanie do serwera,<\/li>\r\n<li>jego systemu operacyjnego,<\/li>\r\n<li>rodzaju przegl\u0105darki internetowej,<\/li>\r\n<li>rozdzielczo\u015bci ekranu,<\/li>\r\n<li>g\u0142\u0119bi kolor\u00f3w,<\/li>\r\n<li>publicznego adresu IP,<\/li>\r\n<li>pierwszego wiersza \u017c\u0105dania http,<\/li>\r\n<li>kodu odpowiedzi http,<\/li>\r\n<li>czasu nadej\u015bcia zapytania<\/li>\r\n<\/ol>\r\n<\/li>\r\n<li value=\"3\">Dane te nie s\u0105 \u0142\u0105czone z danymi o konkretnych osobach.<\/li>\r\n<li value=\"4\">Logi serwera przechowujemy przez czas nieokre\u015blony jako materia\u0142 pomocniczy s\u0142u\u017c\u0105cy do administrowania serwisem. Na podstawie plik\u00f3w log\u00f3w mog\u0105 by\u0107 generowane statystyki stanowi\u0105ce pomoc w administrowaniu serwisem. Zbiorcze podsumowania w postaci takich statystyk nie zawieraj\u0105 \u017cadnych cech identyfikuj\u0105cych osoby odwiedzaj\u0105ce stron\u0119 internetow\u0105 Administratora.<\/li>\r\n<li>\u00a0<\/li>\r\n<\/ol>\r\n<h3 class=\"pb-12\" data-fontsize=\"16\" data-lineheight=\"30\"><strong>6. Informacje w formularzach<\/strong><\/h3>\r\n<ol>\r\n<li>Serwis zbiera informacje podane dobrowolnie przez u\u017cytkownika, w tym dane osobowe, o ile zostan\u0105 one podane.<\/li>\r\n<li>Serwis mo\u017ce zapisa\u0107 informacje o parametrach po\u0142\u0105czenia (oznaczenie czasu, adres IP).<\/li>\r\n<li>Serwis, w niekt\u00f3rych wypadkach, mo\u017ce zapisa\u0107 informacj\u0119 u\u0142atwiaj\u0105c\u0105 powi\u0105zanie danych w formularzu z adresem e-mail u\u017cytkownika wype\u0142niaj\u0105cego formularz. W takim wypadku adres e-mail u\u017cytkownika pojawia si\u0119 wewn\u0105trz adresu url strony zawieraj\u0105cej formularz.<\/li>\r\n<li>Dane podane w formularzu s\u0105 przetwarzane w celu wynikaj\u0105cym z funkcji konkretnego formularza, np. w celu dokonania procesu obs\u0142ugi zg\u0142oszenia serwisowego lub kontaktu handlowego, rejestracji us\u0142ug itp. Ka\u017cdorazowo kontekst i opis formularza w czytelny spos\u00f3b informuje, do czego on s\u0142u\u017cy.<\/li>\r\n<\/ol>\r\n<h3 class=\"pb-12\" data-fontsize=\"16\" data-lineheight=\"30\"><strong>7. Logi Administratora<\/strong><\/h3>\r\n<ol>\r\n<li>Informacje zachowaniu u\u017cytkownik\u00f3w w serwisie mog\u0105 podlega\u0107 logowaniu. Dane te s\u0105 wykorzystywane w celu administrowania serwisem.<\/li>\r\n<\/ol>\r\n<h3 class=\"pb-12\" data-fontsize=\"16\" data-lineheight=\"30\"><strong>8. Istotne techniki marketingowe<\/strong><\/h3>\r\n<ol>\r\n<li>Operator stosuje analiz\u0119 statystyczn\u0105 ruchu na stronie, poprzez Google Analytics (Google Inc. z siedzib\u0105 w USA). Operator nie przekazuje do operatora tej us\u0142ugi danych osobowych, a jedynie zanonimizowane informacje. Us\u0142uga bazuje na wykorzystaniu ciasteczek w urz\u0105dzeniu ko\u0144cowym u\u017cytkownika. W zakresie informacji o preferencjach u\u017cytkownika gromadzonych przez sie\u0107 reklamow\u0105 Google u\u017cytkownik mo\u017ce przegl\u0105da\u0107 i edytowa\u0107 informacje wynikaj\u0105ce z plik\u00f3w cookies przy pomocy narz\u0119dzia: https:\/\/www.google.com\/ads\/preferences\/<\/li>\r\n<\/ol>\r\n<h3 class=\"pb-12\" data-fontsize=\"16\" data-lineheight=\"30\"><strong>9. Informacja o plikach cookies<\/strong><\/h3>\r\n<ol>\r\n<li>Serwis korzysta z plik\u00f3w cookies.<\/li>\r\n<li>Pliki cookies (tzw. \u201eciasteczka\u201d) stanowi\u0105 dane informatyczne, w szczeg\u00f3lno\u015bci pliki tekstowe, kt\u00f3re przechowywane s\u0105 w urz\u0105dzeniu ko\u0144cowym U\u017cytkownika Serwisu i przeznaczone s\u0105 do korzystania ze stron internetowych Serwisu. Cookies zazwyczaj zawieraj\u0105 nazw\u0119 strony internetowej, z kt\u00f3rej pochodz\u0105, czas przechowywania ich na urz\u0105dzeniu ko\u0144cowym oraz unikalny numer.<\/li>\r\n<li>Podmiotem zamieszczaj\u0105cym na urz\u0105dzeniu ko\u0144cowym U\u017cytkownika Serwisu pliki cookies oraz uzyskuj\u0105cym do nich dost\u0119p jest operator Serwisu.<\/li>\r\n<li>Pliki cookies wykorzystywane s\u0105 w nast\u0119puj\u0105cych celach:\r\n<ol>\r\n<li>utrzymanie sesji u\u017cytkownika Serwisu (po zalogowaniu), dzi\u0119ki kt\u00f3rej u\u017cytkownik nie musi na ka\u017cdej podstronie Serwisu ponownie wpisywa\u0107 loginu i has\u0142a;<\/li>\r\n<li>realizacji cel\u00f3w okre\u015blonych powy\u017cej w cz\u0119\u015bci \u201eIstotne techniki marketingowe\u201d;<\/li>\r\n<\/ol>\r\n<\/li>\r\n<li>W ramach Serwisu stosowane s\u0105 dwa zasadnicze rodzaje plik\u00f3w cookies: \u201esesyjne\u201d (session cookies) oraz \u201esta\u0142e\u201d (persistent cookies). Cookies \u201esesyjne\u201d s\u0105 plikami tymczasowymi, kt\u00f3re przechowywane s\u0105 w urz\u0105dzeniu ko\u0144cowym U\u017cytkownika do czasu wylogowania, opuszczenia strony internetowej lub wy\u0142\u0105czenia oprogramowania (przegl\u0105darki internetowej). \u201eSta\u0142e\u201d pliki cookies przechowywane s\u0105 w urz\u0105dzeniu ko\u0144cowym U\u017cytkownika przez czas okre\u015blony w parametrach plik\u00f3w cookies lub do czasu ich usuni\u0119cia przez U\u017cytkownika.<\/li>\r\n<li>Oprogramowanie do przegl\u0105dania stron internetowych (przegl\u0105darka internetowa) zazwyczaj domy\u015blnie dopuszcza przechowywanie plik\u00f3w cookies w urz\u0105dzeniu ko\u0144cowym U\u017cytkownika. U\u017cytkownicy Serwisu mog\u0105 dokona\u0107 zmiany ustawie\u0144 w tym zakresie.\u00a0Przegl\u0105darka internetowa umo\u017cliwia usuni\u0119cie plik\u00f3w cookies. Mo\u017cliwe jest tak\u017ce automatyczne blokowanie plik\u00f3w cookies Szczeg\u00f3\u0142owe informacje na ten temat zawiera pomoc lub dokumentacja przegl\u0105darki internetowej.<\/li>\r\n<li>Ograniczenia stosowania plik\u00f3w cookies mog\u0105 wp\u0142yn\u0105\u0107 na niekt\u00f3re funkcjonalno\u015bci dost\u0119pne na stronach internetowych Serwisu.<\/li>\r\n<li>Pliki cookies zamieszczane w urz\u0105dzeniu ko\u0144cowym U\u017cytkownika Serwisu wykorzystywane mog\u0105 by\u0107 r\u00f3wnie\u017c przez wsp\u00f3\u0142pracuj\u0105ce z operatorem Serwisu podmioty, w szczeg\u00f3lno\u015bci dotyczy to firm: Google (Google Inc. z siedzib\u0105 w USA), Facebook (Facebook Inc. z siedzib\u0105 w USA), Twitter (Twitter Inc. z siedzib\u0105 w USA).<\/li>\r\n<\/ol>\r\n<h3 class=\"pb-12\" data-fontsize=\"16\" data-lineheight=\"30\"><strong>10. Zarz\u0105dzanie plikami cookies \u2013 jak w praktyce wyra\u017ca\u0107 i cofa\u0107 zgod\u0119?<\/strong><\/h3>\r\n<ol>\r\n<li>Je\u015bli u\u017cytkownik nie chce otrzymywa\u0107 plik\u00f3w cookies, mo\u017ce zmieni\u0107 ustawienia przegl\u0105darki. Zastrzegamy, \u017ce wy\u0142\u0105czenie obs\u0142ugi plik\u00f3w cookies niezb\u0119dnych dla proces\u00f3w uwierzytelniania, bezpiecze\u0144stwa, utrzymania preferencji u\u017cytkownika mo\u017ce utrudni\u0107,\u00a0a w skrajnych przypadkach mo\u017ce uniemo\u017cliwi\u0107 korzystanie ze stron www<\/li>\r\n<li>W celu zarz\u0105dzania ustawienia cookies wybierz z listy poni\u017cej przegl\u0105dark\u0119 internetow\u0105, kt\u00f3rej u\u017cywasz i post\u0119puj zgodnie z instrukcjami:\r\n<ul>\r\n<li><a href=\"https:\/\/support.microsoft.com\/pl-pl\/help\/10607\/microsoft-edge-view-delete-browser-history\">Edge<\/a><\/li>\r\n<li><a href=\"https:\/\/support.microsoft.com\/pl-pl\/help\/278835\/how-to-delete-cookie-files-in-internet-explorer\">Internet Explorer<\/a><\/li>\r\n<li><a href=\"https:\/\/support.google.com\/chrome\/bin\/answer.py?hl=pl&amp;answer=95647\">Chrome<\/a><\/li>\r\n<li><a href=\"https:\/\/support.apple.com\/kb\/PH5042\">Safari<\/a><\/li>\r\n<li><a href=\"https:\/\/support.mozilla.org\/pl\/kb\/W%C5%82%C4%85czanie%20i%20wy%C5%82%C4%85czanie%20obs%C5%82ugi%20ciasteczek\">Firefox<\/a><\/li>\r\n<li><a href=\"https:\/\/help.opera.com\/Windows\/12.10\/pl\/cookies.html\">Opera<\/a><\/li>\r\n<\/ul>\r\n<p>Urz\u0105dzenia mobilne:<\/p>\r\n<ul>\r\n<li><a href=\"https:\/\/support.google.com\/chrome\/bin\/answer.py?hl=pl&amp;answer=95647\">Android<\/a><\/li>\r\n<li><a href=\"https:\/\/support.apple.com\/kb\/HT1677?viewlocale=pl_PL\">Safari (iOS)<\/a><\/li>\r\n<li><a href=\"https:\/\/www.windowsphone.com\/pl-pl\/how-to\/wp7\/web\/changing-privacy-and-other-browser-settings\">Windows Phone<\/a><\/li>\r\n<\/ul>\r\n<\/li>\r\n<\/ol>\r\n<h3 data-fontsize=\"16\" data-lineheight=\"30\"><strong>11<\/strong><strong>.\u00a0<\/strong>Uprawnienia u\u017cytkownika w zwi\u0105zku z przetwarzaniem danych<\/h3>\r\n<p>Zgodnie z obowi\u0105zuj\u0105cymi przepisami w\u0142a\u015bcicielowi danych przys\u0142uguj\u0105 nast\u0119puj\u0105ce uprawnienia:<\/p>\r\n<ol>\r\n<li>W przypadku udzielenia zgody na przetwarzanie danych, ich w\u0142a\u015bciciel mo\u017ce j\u0105 w dowolnym momencie wycofa\u0107 lub ograniczy\u0107. Wystarczy, poinformowa\u0107 o tym Administratora.<\/li>\r\n<li>W\u0142a\u015bciciel danych ma prawo dost\u0119pu, sprostowania oraz usuni\u0119cia swoich danych, ograniczenia ich przetwarzania, prawo do ich przenoszenia, niepodlegania zautomatyzowanemu podejmowaniu decyzji, w tym profilowaniu, a tak\u017ce prawo do wyra\u017cenia sprzeciwu wobec przetwarzania Twoich danych osobowych.<\/li>\r\n<li>W\u0142a\u015bciciel danych ma prawo wnie\u015b\u0107 skarg\u0119 w zwi\u0105zku z przetwarzaniem przez Administratora swoich danych osobowych do organu nadzorczego, kt\u00f3rym jest \u00a0Prezes Urz\u0119du Ochrony Danych Osobowych (Prezes Urz\u0119du Ochrony Danych Osobowych, ul. Stawki 2, 00-193 Warszawa).<\/li>\r\n<\/ol>\r\n","protected":false},"excerpt":{"rendered":"<p>Polityka prywatno\u015bci\u00a0 1. Informacje og\u00f3lne Niniejsza polityka dotyczy Serwisu www, funkcjonuj\u0105cego pod adresem url: rentalmet.pl Operatorem serwisu oraz Administratorem danych osobowych jest: RENTALMET Sp. z o.o.\u00a0 |\u00a0\u00a0ul. zagrody 80\u00a0 |\u00a0 43-300 Bielsko-Bia\u0142a\u00a0 |\u00a0 NIP 9372745356\u00a0 |\u00a0 REGON 522632842\u00a0 |\u00a0 KRS 0000933186 Adres kontaktowy poczty elektronicznej operatora: biuro@rentalmet.pl Operator jest Administratorem Twoich danych osobowych w odniesieniu [&hellip;]<\/p>\n","protected":false},"author":1,"featured_media":0,"parent":0,"menu_order":0,"comment_status":"closed","ping_status":"open","template":"","meta":[],"_links":{"self":[{"href":"https:\/\/rentalmet.pl\/index.php\/wp-json\/wp\/v2\/pages\/2"}],"collection":[{"href":"https:\/\/rentalmet.pl\/index.php\/wp-json\/wp\/v2\/pages"}],"about":[{"href":"https:\/\/rentalmet.pl\/index.php\/wp-json\/wp\/v2\/types\/page"}],"author":[{"embeddable":true,"href":"https:\/\/rentalmet.pl\/index.php\/wp-json\/wp\/v2\/users\/1"}],"replies":[{"embeddable":true,"href":"https:\/\/rentalmet.pl\/index.php\/wp-json\/wp\/v2\/comments?post=2"}],"version-history":[{"count":1,"href":"https:\/\/rentalmet.pl\/index.php\/wp-json\/wp\/v2\/pages\/2\/revisions"}],"predecessor-version":[{"id":1601,"href":"https:\/\/rentalmet.pl\/index.php\/wp-json\/wp\/v2\/pages\/2\/revisions\/1601"}],"wp:attachment":[{"href":"https:\/\/rentalmet.pl\/index.php\/wp-json\/wp\/v2\/media?parent=2"}],"curies":[{"name":"wp","href":"https:\/\/api.w.org\/{rel}","templated":true}]}}